{"id":77140,"date":"2025-07-14T15:01:48","date_gmt":"2025-07-14T12:01:48","guid":{"rendered":"https:\/\/demo8.ecube.lv\/sezona.lv\/products\/karabine-petzl-vertigo-wire-lock-m40a\/"},"modified":"2025-07-14T15:01:48","modified_gmt":"2025-07-14T12:01:48","slug":"karabine-petzl-vertigo-wire-lock-m40a","status":"publish","type":"product","link":"https:\/\/sezona.lv\/en\/products\/karabine-petzl-vertigo-wire-lock-m40a\/","title":{"rendered":"Karab\u012bne Petzl Vertigo Wire Lock M40A"},"content":{"rendered":"<p><span>Asimetriskas formas karab\u012bne ar autom\u0101tisko aizdares meh\u0101nismu, kas piem\u0113rota lieto&scaron;anai ar progresijas &scaron;trop\u0113m. Paredz\u0113ta lieto&scaron;anai Joko-Y &scaron;tropes gal\u0101. Atvieglo darb\u012bbas, &scaron;\u0137\u0113rsojot starpposma enkurus. Tai ir ergonomiska forma. Pla&scaron;\u0101 muftas atvere nodro&scaron;ina vieglu karab\u012bnes iekabin\u0101&scaron;anu, Keylock sist\u0113ma pal\u012bdz nov\u0113rt nejau&scaron;u karab\u012bnes aiz\u0137er&scaron;anos. Labi piem\u0113rota intens\u012bvai lieto&scaron;anai. Wire Lock muftas aizdares sist\u0113ma optimiz\u0113 muftas aizv\u0113r&scaron;anas un atv\u0113r&scaron;anas ciklu daudzumu, k\u0101 ar\u012b palielina m\u016b\u017ea ilgumu. H profils pasarg\u0101 mar\u0137\u0113jumus no abraz\u012bviem boj\u0101jumiem. Materi\u0101ls: alum\u012bnijs, ner\u016bs\u0113jo&scaron;ais t\u0113rauds, neilons. Sertifik\u0101cija: CE EN 12275 tips K, B, UIAA.<\/span><\/p>\n<ul class=\"item_traits\">\n<li class=\"odd\"><label>Aizdares meh\u0101nisms:<\/label>WIRE-LOCK<\/li>\n<li><label>Iztur\u012bba:<\/label>25\/10\/8 kN<\/li>\n<li class=\"odd\"><label>Muftas atvere:<\/label>24 mm<\/li>\n<li><label>Tips:<\/label>Asimetriska<\/li>\n<li class=\"odd\"><label>Svars:<\/label>100 g<\/li>\n<\/ul>\n","protected":false},"excerpt":{"rendered":"<p>Asimetriskas formas karab\u012bne ar autom\u0101tisko aizdares meh\u0101nismu, kas piem\u0113rota lieto&scaron;anai ar progresijas &scaron;trop\u0113m. Paredz\u0113ta lieto&scaron;anai Joko-Y &scaron;tropes gal\u0101. Atvieglo darb\u012bbas, &scaron;\u0137\u0113rsojot starpposma enkurus. Tai ir ergonomiska forma. Pla&scaron;\u0101 muftas atvere nodro&scaron;ina vieglu karab\u012bnes iekabin\u0101&scaron;anu, Keylock sist\u0113ma pal\u012bdz nov\u0113rt nejau&scaron;u karab\u012bnes aiz\u0137er&scaron;anos. Labi piem\u0113rota intens\u012bvai lieto&scaron;anai. Wire Lock muftas aizdares sist\u0113ma optimiz\u0113 muftas aizv\u0113r&scaron;anas un atv\u0113r&scaron;anas [&hellip;]<\/p>\n","protected":false},"featured_media":0,"template":"","meta":[],"product_brand":[957],"product_cat":[4851,4859,4864],"product_tag":[],"class_list":{"0":"post-77140","1":"product","2":"type-product","3":"status-publish","5":"product_brand-petzl","6":"product_cat-mountaineering-equipment-recreation","7":"product_cat-for-rock-climbing-mountaineering-mountaineering-equipment-recreation","8":"product_cat-carabiners-for-rock-climbing-mountaineering-mountaineering-equipment-recreation","10":"first","11":"instock","12":"shipping-taxable","13":"purchasable","14":"product-type-simple"},"_links":{"self":[{"href":"https:\/\/sezona.lv\/en\/wp-json\/wp\/v2\/product\/77140","targetHints":{"allow":["GET"]}}],"collection":[{"href":"https:\/\/sezona.lv\/en\/wp-json\/wp\/v2\/product"}],"about":[{"href":"https:\/\/sezona.lv\/en\/wp-json\/wp\/v2\/types\/product"}],"wp:attachment":[{"href":"https:\/\/sezona.lv\/en\/wp-json\/wp\/v2\/media?parent=77140"}],"wp:term":[{"taxonomy":"product_brand","embeddable":true,"href":"https:\/\/sezona.lv\/en\/wp-json\/wp\/v2\/product_brand?post=77140"},{"taxonomy":"product_cat","embeddable":true,"href":"https:\/\/sezona.lv\/en\/wp-json\/wp\/v2\/product_cat?post=77140"},{"taxonomy":"product_tag","embeddable":true,"href":"https:\/\/sezona.lv\/en\/wp-json\/wp\/v2\/product_tag?post=77140"}],"curies":[{"name":"wp","href":"https:\/\/api.w.org\/{rel}","templated":true}]}}