{"id":77141,"date":"2025-07-14T15:01:49","date_gmt":"2025-07-14T12:01:49","guid":{"rendered":"https:\/\/demo8.ecube.lv\/sezona.lv\/products\/karabine-petzl-vertigo-twist-lock\/"},"modified":"2025-07-14T15:01:49","modified_gmt":"2025-07-14T12:01:49","slug":"karabine-petzl-vertigo-twist-lock","status":"publish","type":"product","link":"https:\/\/sezona.lv\/en\/products\/karabine-petzl-vertigo-twist-lock\/","title":{"rendered":"Karab\u012bne Petzl Vertigo Twist Lock"},"content":{"rendered":"<p><span>Asimetriskas formas karab\u012bne ar autom\u0101tisko Twist Lock aizdares meh\u0101nismu, kas piem\u0113rota lieto&scaron;anai uz progresijas &scaron;trop\u0113m (&scaron;tropes gal\u0101). T\u0101s ergonomiskais dizains un autom\u0101tisk\u0101 aizdares blo\u0137\u0113&scaron;an\u0101s sist\u0113ma veicina darb\u012bbas, p\u0101rejot starpposmu enkurus. Karab\u012bnes pla&scaron;\u0101 muftas atvere un Keylock sist\u0113ma \u013cauj karab\u012bni \u0113rti piestiprin\u0101t. &#8216;H&#8217; profils aizsarg\u0101 karab\u012bnes mar\u0137\u0113jumus no abraz\u012bviem boj\u0101jumiem, identifik\u0101cija ar Datamatrix kodu \u0101tr\u0101kai produkta inspekcijai.&nbsp;<\/span><br \/><span>Materi\u0101li: alum\u012bnijs, ner\u016bs\u0113jo&scaron;ais t\u0113rauds, neilons.<\/span><br \/><span>Sertifik\u0101cija: CE EN 362.&nbsp;<\/span><\/p>\n<ul class=\"item_traits\">\n<li class=\"odd\"><label>Aizdares meh\u0101nisms:<\/label>TWIST-LOCK<\/li>\n<li><label>Iztur\u012bba:<\/label>25\/10\/8 kN<\/li>\n<li class=\"odd\"><label>Muftas atvere:<\/label>25 mm<\/li>\n<li><label>Tips:<\/label>Asimetriska<\/li>\n<li class=\"odd\"><label>Svars:<\/label>100 g<\/li>\n<\/ul>\n","protected":false},"excerpt":{"rendered":"<p>Asimetriskas formas karab\u012bne ar autom\u0101tisko Twist Lock aizdares meh\u0101nismu, kas piem\u0113rota lieto&scaron;anai uz progresijas &scaron;trop\u0113m (&scaron;tropes gal\u0101). T\u0101s ergonomiskais dizains un autom\u0101tisk\u0101 aizdares blo\u0137\u0113&scaron;an\u0101s sist\u0113ma veicina darb\u012bbas, p\u0101rejot starpposmu enkurus. Karab\u012bnes pla&scaron;\u0101 muftas atvere un Keylock sist\u0113ma \u013cauj karab\u012bni \u0113rti piestiprin\u0101t. &#8216;H&#8217; profils aizsarg\u0101 karab\u012bnes mar\u0137\u0113jumus no abraz\u012bviem boj\u0101jumiem, identifik\u0101cija ar Datamatrix kodu \u0101tr\u0101kai produkta [&hellip;]<\/p>\n","protected":false},"featured_media":0,"template":"","meta":[],"product_brand":[957],"product_cat":[4851,4859,4864],"product_tag":[],"class_list":{"0":"post-77141","1":"product","2":"type-product","3":"status-publish","5":"product_brand-petzl","6":"product_cat-mountaineering-equipment-recreation","7":"product_cat-for-rock-climbing-mountaineering-mountaineering-equipment-recreation","8":"product_cat-carabiners-for-rock-climbing-mountaineering-mountaineering-equipment-recreation","10":"first","11":"instock","12":"shipping-taxable","13":"purchasable","14":"product-type-simple"},"_links":{"self":[{"href":"https:\/\/sezona.lv\/en\/wp-json\/wp\/v2\/product\/77141","targetHints":{"allow":["GET"]}}],"collection":[{"href":"https:\/\/sezona.lv\/en\/wp-json\/wp\/v2\/product"}],"about":[{"href":"https:\/\/sezona.lv\/en\/wp-json\/wp\/v2\/types\/product"}],"wp:attachment":[{"href":"https:\/\/sezona.lv\/en\/wp-json\/wp\/v2\/media?parent=77141"}],"wp:term":[{"taxonomy":"product_brand","embeddable":true,"href":"https:\/\/sezona.lv\/en\/wp-json\/wp\/v2\/product_brand?post=77141"},{"taxonomy":"product_cat","embeddable":true,"href":"https:\/\/sezona.lv\/en\/wp-json\/wp\/v2\/product_cat?post=77141"},{"taxonomy":"product_tag","embeddable":true,"href":"https:\/\/sezona.lv\/en\/wp-json\/wp\/v2\/product_tag?post=77141"}],"curies":[{"name":"wp","href":"https:\/\/api.w.org\/{rel}","templated":true}]}}