{"id":77142,"date":"2025-07-14T15:01:50","date_gmt":"2025-07-14T12:01:50","guid":{"rendered":"https:\/\/demo8.ecube.lv\/sezona.lv\/products\/karabine-edelrid-d-classic-3000-triple\/"},"modified":"2025-07-14T15:01:50","modified_gmt":"2025-07-14T12:01:50","slug":"karabine-edelrid-d-classic-3000-triple","status":"publish","type":"product","link":"https:\/\/sezona.lv\/en\/products\/karabine-edelrid-d-classic-3000-triple\/","title":{"rendered":"Karab\u012bne Edelrid D Classic 3000 Triple"},"content":{"rendered":"<p><span>D-formas alum\u012bnija karab\u012bne ar autom\u0101tisku Triplelock aizdares meh\u0101nismu. T\u0101 ir kompakta un \u0113rti lietojama karab\u012bne ar augstu iztur\u012bbu. \u012apa&scaron;i piem\u0113rota arborismam. Izm\u0113rs: 111 x 64 mm.<\/span><\/p>\n<ul class=\"item_traits\">\n<li class=\"odd\"><label>Iztur\u012bba:<\/label>30 kN<\/li>\n<li><label>Muftas atvere:<\/label>19 mm<\/li>\n<li class=\"odd\"><label>Tips:<\/label>D-veida<\/li>\n<li><label>Svars:<\/label>80 g<\/li>\n<\/ul>\n","protected":false},"excerpt":{"rendered":"<p>D-formas alum\u012bnija karab\u012bne ar autom\u0101tisku Triplelock aizdares meh\u0101nismu. T\u0101 ir kompakta un \u0113rti lietojama karab\u012bne ar augstu iztur\u012bbu. \u012apa&scaron;i piem\u0113rota arborismam. Izm\u0113rs: 111 x 64 mm. Iztur\u012bba:30 kN Muftas atvere:19 mm Tips:D-veida Svars:80 g<\/p>\n","protected":false},"featured_media":0,"template":"","meta":[],"product_brand":[3348],"product_cat":[4851,4859,4864],"product_tag":[],"class_list":{"0":"post-77142","1":"product","2":"type-product","3":"status-publish","5":"product_brand-edelrid","6":"product_cat-mountaineering-equipment-recreation","7":"product_cat-for-rock-climbing-mountaineering-mountaineering-equipment-recreation","8":"product_cat-carabiners-for-rock-climbing-mountaineering-mountaineering-equipment-recreation","10":"first","11":"instock","12":"shipping-taxable","13":"purchasable","14":"product-type-simple"},"_links":{"self":[{"href":"https:\/\/sezona.lv\/en\/wp-json\/wp\/v2\/product\/77142","targetHints":{"allow":["GET"]}}],"collection":[{"href":"https:\/\/sezona.lv\/en\/wp-json\/wp\/v2\/product"}],"about":[{"href":"https:\/\/sezona.lv\/en\/wp-json\/wp\/v2\/types\/product"}],"wp:attachment":[{"href":"https:\/\/sezona.lv\/en\/wp-json\/wp\/v2\/media?parent=77142"}],"wp:term":[{"taxonomy":"product_brand","embeddable":true,"href":"https:\/\/sezona.lv\/en\/wp-json\/wp\/v2\/product_brand?post=77142"},{"taxonomy":"product_cat","embeddable":true,"href":"https:\/\/sezona.lv\/en\/wp-json\/wp\/v2\/product_cat?post=77142"},{"taxonomy":"product_tag","embeddable":true,"href":"https:\/\/sezona.lv\/en\/wp-json\/wp\/v2\/product_tag?post=77142"}],"curies":[{"name":"wp","href":"https:\/\/api.w.org\/{rel}","templated":true}]}}