{"id":77144,"date":"2025-07-14T15:01:52","date_gmt":"2025-07-14T12:01:52","guid":{"rendered":"https:\/\/demo8.ecube.lv\/sezona.lv\/products\/atsaite-petzl-spirit-express-17cm\/"},"modified":"2025-07-14T15:01:52","modified_gmt":"2025-07-14T12:01:52","slug":"atsaite-petzl-spirit-express-17cm","status":"publish","type":"product","link":"https:\/\/sezona.lv\/en\/products\/atsaite-petzl-spirit-express-17cm\/","title":{"rendered":"Atsaite Petzl Spirit Express 17cm"},"content":{"rendered":"<p><span>Iztur\u012bga un \u0113rti lietojama atsaite, kas piem\u0113rota sporta klin&scaron;u k\u0101p&scaron;anai. T\u0101 ir \u013coti viegla, sver maz\u0101k par 100 g, un daudzfunkcion\u0101la &#8211; to \u0113rti p\u0101rvietot no klint\u012bm uz gariem sporta mar&scaron;rutiem. Atsaite apr\u012bkota ar taisnas muftas atveres Spirit karab\u012bni aug&scaron;pus\u0113 un liektas muftas atveres karab\u012bni apak&scaron;\u0101. Aug&scaron;\u0113j\u0101 karab\u012bne, kas apr\u012bkota Keylock sist\u0113mu un \u012bpa&scaron;as formas &#8216;degunu&#8217;, veicina iekabin\u0101&scaron;anu un atkabin\u0101&scaron;anu. Apak&scaron;\u0113j\u0101 karab\u012bne apr\u012bkota ar String tekstilmateri\u0101la aizsargu, kas notur karab\u012bni pareizaj\u0101 poz\u012bcij\u0101 un veicina virves iekabin\u0101&scaron;anu. Ergonomisk\u0101s formas Express cilpa nodro&scaron;ina lielisku satveram\u012bbu un iztur\u012bbu. H formas profila Spirit karab\u012bnes nodro&scaron;ina uzlabotu iztur\u012bbas\/svara proporciju. Plat\u0101k\u0101 kontakta virsma nodro&scaron;ina viegl\u0101ku virves sl\u012bdam\u012bbu un samazina karab\u012bnes nolietojumu. Karab\u012bnes muftas atvere: 21 cm. Materi\u0101li: alum\u012bnijs, poliestera tekstilmateri\u0101ls, gumija.<\/span><br \/><span>Sertifik\u0101cija: CE EN 12275 tips B, UIAA (karab\u012bnes), CE EN 566, UIAA (cilpa).<\/span><\/p>\n<ul id=\"traits_34625\" class=\"item_traits\">\n<li class=\"odd\"><label>Izm\u0113rs:<\/label>17 cm<\/li>\n<li><label>Garums:<\/label>17 cm<\/li>\n<li class=\"odd\"><label>Iztur\u012bba:<\/label>Karab\u012bne: 23\/9\/8 kN; Cilpa: 22 kN<\/li>\n<li><label>Svars:<\/label>100 g<\/li>\n<\/ul>\n","protected":false},"excerpt":{"rendered":"<p>Iztur\u012bga un \u0113rti lietojama atsaite, kas piem\u0113rota sporta klin&scaron;u k\u0101p&scaron;anai. T\u0101 ir \u013coti viegla, sver maz\u0101k par 100 g, un daudzfunkcion\u0101la &#8211; to \u0113rti p\u0101rvietot no klint\u012bm uz gariem sporta mar&scaron;rutiem. Atsaite apr\u012bkota ar taisnas muftas atveres Spirit karab\u012bni aug&scaron;pus\u0113 un liektas muftas atveres karab\u012bni apak&scaron;\u0101. Aug&scaron;\u0113j\u0101 karab\u012bne, kas apr\u012bkota Keylock sist\u0113mu un \u012bpa&scaron;as formas [&hellip;]<\/p>\n","protected":false},"featured_media":0,"template":"","meta":[],"product_brand":[957],"product_cat":[4851,4859,4865],"product_tag":[],"class_list":{"0":"post-77144","1":"product","2":"type-product","3":"status-publish","5":"product_brand-petzl","6":"product_cat-mountaineering-equipment-recreation","7":"product_cat-for-rock-climbing-mountaineering-mountaineering-equipment-recreation","8":"product_cat-slings-for-rock-climbing-mountaineering-mountaineering-equipment-recreation","10":"first","11":"instock","12":"shipping-taxable","13":"purchasable","14":"product-type-simple"},"_links":{"self":[{"href":"https:\/\/sezona.lv\/en\/wp-json\/wp\/v2\/product\/77144","targetHints":{"allow":["GET"]}}],"collection":[{"href":"https:\/\/sezona.lv\/en\/wp-json\/wp\/v2\/product"}],"about":[{"href":"https:\/\/sezona.lv\/en\/wp-json\/wp\/v2\/types\/product"}],"wp:attachment":[{"href":"https:\/\/sezona.lv\/en\/wp-json\/wp\/v2\/media?parent=77144"}],"wp:term":[{"taxonomy":"product_brand","embeddable":true,"href":"https:\/\/sezona.lv\/en\/wp-json\/wp\/v2\/product_brand?post=77144"},{"taxonomy":"product_cat","embeddable":true,"href":"https:\/\/sezona.lv\/en\/wp-json\/wp\/v2\/product_cat?post=77144"},{"taxonomy":"product_tag","embeddable":true,"href":"https:\/\/sezona.lv\/en\/wp-json\/wp\/v2\/product_tag?post=77144"}],"curies":[{"name":"wp","href":"https:\/\/api.w.org\/{rel}","templated":true}]}}