{"id":77146,"date":"2025-07-14T15:01:53","date_gmt":"2025-07-14T12:01:53","guid":{"rendered":"https:\/\/demo8.ecube.lv\/sezona.lv\/products\/atsaite-edelrid-nineteen-g-set-18cm\/"},"modified":"2025-07-14T15:01:53","modified_gmt":"2025-07-14T12:01:53","slug":"atsaite-edelrid-nineteen-g-set-18cm","status":"publish","type":"product","link":"https:\/\/sezona.lv\/en\/products\/atsaite-edelrid-nineteen-g-set-18cm\/","title":{"rendered":"Atsaite Edelrid Nineteen G Set 18cm"},"content":{"rendered":"<p><span>Viegl\u0101k\u0101 atsaite (nep\u0101rsp\u0113jami viegla karab\u012bne un cilpa), kas ide\u0101li piem\u0113rota alp\u012bnai k\u0101p&scaron;anai un mar&scaron;rutiem, kur noz\u012bm\u012bgs ir ikkatrs grams. Atsaite apr\u012bkota ar \u012bpa&scaron;i viegl\u0101m Nineteen G karab\u012bn\u0113m un \u012bpa&scaron;i iztur\u012bgu 8 mm Dyneema&reg; cilpu.<\/span><\/p>\n<ul class=\"item_traits\">\n<li class=\"odd\"><label>Iztur\u012bba:<\/label>20\/7\/7 kN<\/li>\n<li><label>Muftas atvere:<\/label>17 mm<\/li>\n<li class=\"odd\"><label>Tips:<\/label>Asimetriska<\/li>\n<li><label>Svars:<\/label>50 g<\/li>\n<\/ul>\n","protected":false},"excerpt":{"rendered":"<p>Viegl\u0101k\u0101 atsaite (nep\u0101rsp\u0113jami viegla karab\u012bne un cilpa), kas ide\u0101li piem\u0113rota alp\u012bnai k\u0101p&scaron;anai un mar&scaron;rutiem, kur noz\u012bm\u012bgs ir ikkatrs grams. Atsaite apr\u012bkota ar \u012bpa&scaron;i viegl\u0101m Nineteen G karab\u012bn\u0113m un \u012bpa&scaron;i iztur\u012bgu 8 mm Dyneema&reg; cilpu. Iztur\u012bba:20\/7\/7 kN Muftas atvere:17 mm Tips:Asimetriska Svars:50 g<\/p>\n","protected":false},"featured_media":0,"template":"","meta":[],"product_brand":[3348],"product_cat":[4851,4859,4865],"product_tag":[],"class_list":{"0":"post-77146","1":"product","2":"type-product","3":"status-publish","5":"product_brand-edelrid","6":"product_cat-mountaineering-equipment-recreation","7":"product_cat-for-rock-climbing-mountaineering-mountaineering-equipment-recreation","8":"product_cat-slings-for-rock-climbing-mountaineering-mountaineering-equipment-recreation","10":"first","11":"instock","12":"shipping-taxable","13":"purchasable","14":"product-type-simple"},"_links":{"self":[{"href":"https:\/\/sezona.lv\/en\/wp-json\/wp\/v2\/product\/77146","targetHints":{"allow":["GET"]}}],"collection":[{"href":"https:\/\/sezona.lv\/en\/wp-json\/wp\/v2\/product"}],"about":[{"href":"https:\/\/sezona.lv\/en\/wp-json\/wp\/v2\/types\/product"}],"wp:attachment":[{"href":"https:\/\/sezona.lv\/en\/wp-json\/wp\/v2\/media?parent=77146"}],"wp:term":[{"taxonomy":"product_brand","embeddable":true,"href":"https:\/\/sezona.lv\/en\/wp-json\/wp\/v2\/product_brand?post=77146"},{"taxonomy":"product_cat","embeddable":true,"href":"https:\/\/sezona.lv\/en\/wp-json\/wp\/v2\/product_cat?post=77146"},{"taxonomy":"product_tag","embeddable":true,"href":"https:\/\/sezona.lv\/en\/wp-json\/wp\/v2\/product_tag?post=77146"}],"curies":[{"name":"wp","href":"https:\/\/api.w.org\/{rel}","templated":true}]}}