{"id":77147,"date":"2025-07-14T15:01:54","date_gmt":"2025-07-14T12:01:54","guid":{"rendered":"https:\/\/demo8.ecube.lv\/sezona.lv\/products\/karabine-edelrid-hms-strike-safelock\/"},"modified":"2025-07-14T15:01:54","modified_gmt":"2025-07-14T12:01:54","slug":"karabine-edelrid-hms-strike-safelock","status":"publish","type":"product","link":"https:\/\/sezona.lv\/en\/products\/karabine-edelrid-hms-strike-safelock\/","title":{"rendered":"Karab\u012bne Edelrid HMS Strike SafeLock"},"content":{"rendered":"<p><span>Pirm\u0101 karab\u012bne ar diviem neatkar\u012bgiem, autom\u0101tiski blo\u0137\u0113jo&scaron;iem meh\u0101nismiem, kas padara nejau&scaron;u karab\u012bnes atv\u0113r&scaron;anos praktiski neiesp\u0113jamu. Karab\u012bn\u0113 apvienots p\u0101rbaud\u012btais un izm\u0113\u0123in\u0101tais &#8216;slide-gate&#8217; muftas aizdares meh\u0101nisms un jauns atsperu stie\u0146a meh\u0101nisms karab\u012bnes apak&scaron;da\u013c\u0101, lai padar\u012btu to \u012bpa&scaron;i dro&scaron;u. Atsperu stienis nodro&scaron;ina pareizu novietojumu dro&scaron;in\u0101&scaron;anas\/nolai&scaron;an\u0101s laik\u0101, nov\u0113r&scaron;ot karab\u012bnes nepareizu noslogo&scaron;anu (cross loading), k\u0101 ar\u012b nodro&scaron;ina to, ka mufta ir pareizi aizv\u0113rta. Keylock sist\u0113ma nodro&scaron;ina optim\u0101lu karab\u012bnes vad\u0101m\u012bbu iekabinot un atkabinot. P\u0101rdom\u0101ti, apzin\u0101ti kompleks\u0101 atv\u0113r&scaron;anas proced\u016bra nodro&scaron;ina papildus dro&scaron;\u012bbu pla&scaron;\u0101 lieto&scaron;anas diapazon\u0101. Nav ieteicama lieto&scaron;anai ar Mega Jul vai Micro Jul. Sertifik\u0101cija: EN 12275, EN 362.<\/span><\/p>\n<ul class=\"item_traits\">\n<li class=\"odd\"><label>Iztur\u012bba:<\/label>22\/8\/7 kN<\/li>\n<li><label>Muftas atvere:<\/label>21 mm<\/li>\n<li class=\"odd\"><label>Tips:<\/label>Bumbierveida<\/li>\n<li><label>Svars:<\/label>70 g<\/li>\n<\/ul>\n","protected":false},"excerpt":{"rendered":"<p>Pirm\u0101 karab\u012bne ar diviem neatkar\u012bgiem, autom\u0101tiski blo\u0137\u0113jo&scaron;iem meh\u0101nismiem, kas padara nejau&scaron;u karab\u012bnes atv\u0113r&scaron;anos praktiski neiesp\u0113jamu. Karab\u012bn\u0113 apvienots p\u0101rbaud\u012btais un izm\u0113\u0123in\u0101tais &#8216;slide-gate&#8217; muftas aizdares meh\u0101nisms un jauns atsperu stie\u0146a meh\u0101nisms karab\u012bnes apak&scaron;da\u013c\u0101, lai padar\u012btu to \u012bpa&scaron;i dro&scaron;u. Atsperu stienis nodro&scaron;ina pareizu novietojumu dro&scaron;in\u0101&scaron;anas\/nolai&scaron;an\u0101s laik\u0101, nov\u0113r&scaron;ot karab\u012bnes nepareizu noslogo&scaron;anu (cross loading), k\u0101 ar\u012b nodro&scaron;ina to, ka mufta [&hellip;]<\/p>\n","protected":false},"featured_media":0,"template":"","meta":[],"product_brand":[3348],"product_cat":[4851,4859,4864],"product_tag":[],"class_list":{"0":"post-77147","1":"product","2":"type-product","3":"status-publish","5":"product_brand-edelrid","6":"product_cat-mountaineering-equipment-recreation","7":"product_cat-for-rock-climbing-mountaineering-mountaineering-equipment-recreation","8":"product_cat-carabiners-for-rock-climbing-mountaineering-mountaineering-equipment-recreation","10":"first","11":"instock","12":"shipping-taxable","13":"purchasable","14":"product-type-simple"},"_links":{"self":[{"href":"https:\/\/sezona.lv\/en\/wp-json\/wp\/v2\/product\/77147","targetHints":{"allow":["GET"]}}],"collection":[{"href":"https:\/\/sezona.lv\/en\/wp-json\/wp\/v2\/product"}],"about":[{"href":"https:\/\/sezona.lv\/en\/wp-json\/wp\/v2\/types\/product"}],"wp:attachment":[{"href":"https:\/\/sezona.lv\/en\/wp-json\/wp\/v2\/media?parent=77147"}],"wp:term":[{"taxonomy":"product_brand","embeddable":true,"href":"https:\/\/sezona.lv\/en\/wp-json\/wp\/v2\/product_brand?post=77147"},{"taxonomy":"product_cat","embeddable":true,"href":"https:\/\/sezona.lv\/en\/wp-json\/wp\/v2\/product_cat?post=77147"},{"taxonomy":"product_tag","embeddable":true,"href":"https:\/\/sezona.lv\/en\/wp-json\/wp\/v2\/product_tag?post=77147"}],"curies":[{"name":"wp","href":"https:\/\/api.w.org\/{rel}","templated":true}]}}