{"id":77148,"date":"2025-07-14T15:01:55","date_gmt":"2025-07-14T12:01:55","guid":{"rendered":"https:\/\/demo8.ecube.lv\/sezona.lv\/products\/karabines-edelrid-nineteen-g-sixpack-assorted-colours\/"},"modified":"2025-07-14T15:01:55","modified_gmt":"2025-07-14T12:01:55","slug":"karabines-edelrid-nineteen-g-sixpack-assorted-colours","status":"publish","type":"product","link":"https:\/\/sezona.lv\/en\/products\/karabines-edelrid-nineteen-g-sixpack-assorted-colours\/","title":{"rendered":"Karab\u012bnes Edelrid Nineteen G Sixpack Assorted Colours"},"content":{"rendered":"<p><span>Pasaul\u0113 viegl\u0101ko karab\u012b\u0146u komplekts &#8211; se&scaron;paka! Karab\u012bnes veidotas nep\u0101rsp\u0113jami viegl\u0101 konstrukcij\u0101 no iztur\u012bga alum\u012bnija sakaus\u0113juma ar \u012bpa&scaron;u stiprin\u0101juma apdari. Karab\u012bn\u0113m ir asimetriska, kompakta forma un viegla aizdares sist\u0113ma. Karab\u012b\u0146u kr\u0101su sh\u0113ma komplekt\u0113ta t\u0101, lai t\u0101s atbilstu vado&scaron;o frendu ra\u017eot\u0101ju izm\u0113ru kr\u0101s\u0101m, piem\u0113ram, Black Diamond Camalot kr\u0101s\u0101m.<\/span><\/p>\n<ul class=\"item_traits\">\n<li class=\"odd\"><label>Iztur\u012bba:<\/label>20\/7\/7 kN<\/li>\n<li><label>Muftas atvere:<\/label>17 mm<\/li>\n<li class=\"odd\"><label>Tips:<\/label>Asimetriska<\/li>\n<li><label>Svars:<\/label>120 g<\/li>\n<\/ul>\n","protected":false},"excerpt":{"rendered":"<p>Pasaul\u0113 viegl\u0101ko karab\u012b\u0146u komplekts &#8211; se&scaron;paka! Karab\u012bnes veidotas nep\u0101rsp\u0113jami viegl\u0101 konstrukcij\u0101 no iztur\u012bga alum\u012bnija sakaus\u0113juma ar \u012bpa&scaron;u stiprin\u0101juma apdari. Karab\u012bn\u0113m ir asimetriska, kompakta forma un viegla aizdares sist\u0113ma. Karab\u012b\u0146u kr\u0101su sh\u0113ma komplekt\u0113ta t\u0101, lai t\u0101s atbilstu vado&scaron;o frendu ra\u017eot\u0101ju izm\u0113ru kr\u0101s\u0101m, piem\u0113ram, Black Diamond Camalot kr\u0101s\u0101m. Iztur\u012bba:20\/7\/7 kN Muftas atvere:17 mm Tips:Asimetriska Svars:120 g<\/p>\n","protected":false},"featured_media":0,"template":"","meta":[],"product_brand":[3348],"product_cat":[4851,4859,4864],"product_tag":[],"class_list":{"0":"post-77148","1":"product","2":"type-product","3":"status-publish","5":"product_brand-edelrid","6":"product_cat-mountaineering-equipment-recreation","7":"product_cat-for-rock-climbing-mountaineering-mountaineering-equipment-recreation","8":"product_cat-carabiners-for-rock-climbing-mountaineering-mountaineering-equipment-recreation","10":"first","11":"instock","12":"shipping-taxable","13":"purchasable","14":"product-type-simple"},"_links":{"self":[{"href":"https:\/\/sezona.lv\/en\/wp-json\/wp\/v2\/product\/77148","targetHints":{"allow":["GET"]}}],"collection":[{"href":"https:\/\/sezona.lv\/en\/wp-json\/wp\/v2\/product"}],"about":[{"href":"https:\/\/sezona.lv\/en\/wp-json\/wp\/v2\/types\/product"}],"wp:attachment":[{"href":"https:\/\/sezona.lv\/en\/wp-json\/wp\/v2\/media?parent=77148"}],"wp:term":[{"taxonomy":"product_brand","embeddable":true,"href":"https:\/\/sezona.lv\/en\/wp-json\/wp\/v2\/product_brand?post=77148"},{"taxonomy":"product_cat","embeddable":true,"href":"https:\/\/sezona.lv\/en\/wp-json\/wp\/v2\/product_cat?post=77148"},{"taxonomy":"product_tag","embeddable":true,"href":"https:\/\/sezona.lv\/en\/wp-json\/wp\/v2\/product_tag?post=77148"}],"curies":[{"name":"wp","href":"https:\/\/api.w.org\/{rel}","templated":true}]}}