{"id":77149,"date":"2025-07-14T15:01:56","date_gmt":"2025-07-14T12:01:56","guid":{"rendered":"https:\/\/demo8.ecube.lv\/sezona.lv\/products\/nolaisanas-ierice-singing-rock-buddy-black-matt\/"},"modified":"2025-07-14T15:01:56","modified_gmt":"2025-07-14T12:01:56","slug":"nolaisanas-ierice-singing-rock-buddy-black-matt","status":"publish","type":"product","link":"https:\/\/sezona.lv\/en\/products\/nolaisanas-ierice-singing-rock-buddy-black-matt\/","title":{"rendered":"Nolai\u0161an\u0101s ier\u012bce Singing Rock Buddy Black Matt"},"content":{"rendered":"<p><span>Buddy ir viegla un kompakta nolai&scaron;an\u0101s\/dro&scaron;in\u0101&scaron;anas ier\u012bce, kas piem\u0113rota da\u017e\u0101da veida klin&scaron;u k\u0101p&scaron;anai. Ier\u012bce izgatavota t\u0101, lai ar to b\u016btu maksim\u0101li viegli darboties.<\/span><\/p>\n<ul class=\"item_traits\">\n<li><label>Pamatvirve:<\/label>7.8 &#8211; 11 mm<\/li>\n<\/ul>\n","protected":false},"excerpt":{"rendered":"<p>Buddy ir viegla un kompakta nolai&scaron;an\u0101s\/dro&scaron;in\u0101&scaron;anas ier\u012bce, kas piem\u0113rota da\u017e\u0101da veida klin&scaron;u k\u0101p&scaron;anai. Ier\u012bce izgatavota t\u0101, lai ar to b\u016btu maksim\u0101li viegli darboties. Pamatvirve:7.8 &#8211; 11 mm<\/p>\n","protected":false},"featured_media":0,"template":"","meta":[],"product_brand":[3350],"product_cat":[4851,4859,4863],"product_tag":[],"class_list":{"0":"post-77149","1":"product","2":"type-product","3":"status-publish","5":"product_brand-singing-rock","6":"product_cat-mountaineering-equipment-recreation","7":"product_cat-for-rock-climbing-mountaineering-mountaineering-equipment-recreation","8":"product_cat-safety-and-descent-devices-for-rock-climbing-mountaineering-mountaineering-equipment-recreation","10":"first","11":"instock","12":"shipping-taxable","13":"purchasable","14":"product-type-simple"},"_links":{"self":[{"href":"https:\/\/sezona.lv\/en\/wp-json\/wp\/v2\/product\/77149","targetHints":{"allow":["GET"]}}],"collection":[{"href":"https:\/\/sezona.lv\/en\/wp-json\/wp\/v2\/product"}],"about":[{"href":"https:\/\/sezona.lv\/en\/wp-json\/wp\/v2\/types\/product"}],"wp:attachment":[{"href":"https:\/\/sezona.lv\/en\/wp-json\/wp\/v2\/media?parent=77149"}],"wp:term":[{"taxonomy":"product_brand","embeddable":true,"href":"https:\/\/sezona.lv\/en\/wp-json\/wp\/v2\/product_brand?post=77149"},{"taxonomy":"product_cat","embeddable":true,"href":"https:\/\/sezona.lv\/en\/wp-json\/wp\/v2\/product_cat?post=77149"},{"taxonomy":"product_tag","embeddable":true,"href":"https:\/\/sezona.lv\/en\/wp-json\/wp\/v2\/product_tag?post=77149"}],"curies":[{"name":"wp","href":"https:\/\/api.w.org\/{rel}","templated":true}]}}