{"id":77152,"date":"2025-07-14T15:01:58","date_gmt":"2025-07-14T12:01:58","guid":{"rendered":"https:\/\/demo8.ecube.lv\/sezona.lv\/products\/nolaisanas-ierice-edelrid-jul-oranza\/"},"modified":"2025-07-14T15:01:58","modified_gmt":"2025-07-14T12:01:58","slug":"nolaisanas-ierice-edelrid-jul-oranza","status":"publish","type":"product","link":"https:\/\/sezona.lv\/en\/products\/nolaisanas-ierice-edelrid-jul-oranza\/","title":{"rendered":"Nolai\u0161an\u0101s ier\u012bce Edelrid Jul oran\u017ea"},"content":{"rendered":"<p><span>Lieliska dizaina nolai&scaron;an\u0101s ier\u012bce, kas piem\u0113rota lieto&scaron;anai ar 8.9 l\u012bdz 10.5 mm pamatvirv\u0113m. T\u0101 izgatavota unik\u0101l\u0101 divu komponentu konstrukcij\u0101. Lieliski piem\u0113rota lieto&scaron;anai sporta klin&scaron;u k\u0101p&scaron;an\u0101 un k\u0101p&scaron;anai m\u0101ksl\u012bgaj\u0101s sien\u0101s. Ier\u012bces pamats veidots no augst\u0101k\u0101s kvalit\u0101tes ner\u016bs\u0113jo&scaron;\u0101 t\u0113rauda, kam piem\u012bt lab\u0101k\u0101 abraz\u012bv\u0101 iztur\u012bba ar minim\u0101lu karstuma vad\u012btsp\u0113ju. Sint\u0113tiskais apvalks nov\u0113r&scaron; nepat\u012bkamu d\u017einkst\u0113&scaron;anu un aizsarg\u0101 \u0101du no apdegumiem ilgsto&scaron;\u0101s nolai&scaron;an\u0101s\/pa&scaron;dro&scaron;in\u0101&scaron;anas situ\u0101cij\u0101s. Ier\u012bcei ir asimetrisks dizains ar iesp\u0113jamiem dieviem bremz\u0113&scaron;anas \u0101trumiem.<\/span><\/p>\n","protected":false},"excerpt":{"rendered":"<p>Lieliska dizaina nolai&scaron;an\u0101s ier\u012bce, kas piem\u0113rota lieto&scaron;anai ar 8.9 l\u012bdz 10.5 mm pamatvirv\u0113m. T\u0101 izgatavota unik\u0101l\u0101 divu komponentu konstrukcij\u0101. Lieliski piem\u0113rota lieto&scaron;anai sporta klin&scaron;u k\u0101p&scaron;an\u0101 un k\u0101p&scaron;anai m\u0101ksl\u012bgaj\u0101s sien\u0101s. Ier\u012bces pamats veidots no augst\u0101k\u0101s kvalit\u0101tes ner\u016bs\u0113jo&scaron;\u0101 t\u0113rauda, kam piem\u012bt lab\u0101k\u0101 abraz\u012bv\u0101 iztur\u012bba ar minim\u0101lu karstuma vad\u012btsp\u0113ju. Sint\u0113tiskais apvalks nov\u0113r&scaron; nepat\u012bkamu d\u017einkst\u0113&scaron;anu un aizsarg\u0101 \u0101du no [&hellip;]<\/p>\n","protected":false},"featured_media":0,"template":"","meta":[],"product_brand":[3348],"product_cat":[4851,4859,4863],"product_tag":[],"class_list":{"0":"post-77152","1":"product","2":"type-product","3":"status-publish","5":"product_brand-edelrid","6":"product_cat-mountaineering-equipment-recreation","7":"product_cat-for-rock-climbing-mountaineering-mountaineering-equipment-recreation","8":"product_cat-safety-and-descent-devices-for-rock-climbing-mountaineering-mountaineering-equipment-recreation","10":"first","11":"instock","12":"shipping-taxable","13":"purchasable","14":"product-type-simple"},"_links":{"self":[{"href":"https:\/\/sezona.lv\/en\/wp-json\/wp\/v2\/product\/77152","targetHints":{"allow":["GET"]}}],"collection":[{"href":"https:\/\/sezona.lv\/en\/wp-json\/wp\/v2\/product"}],"about":[{"href":"https:\/\/sezona.lv\/en\/wp-json\/wp\/v2\/types\/product"}],"wp:attachment":[{"href":"https:\/\/sezona.lv\/en\/wp-json\/wp\/v2\/media?parent=77152"}],"wp:term":[{"taxonomy":"product_brand","embeddable":true,"href":"https:\/\/sezona.lv\/en\/wp-json\/wp\/v2\/product_brand?post=77152"},{"taxonomy":"product_cat","embeddable":true,"href":"https:\/\/sezona.lv\/en\/wp-json\/wp\/v2\/product_cat?post=77152"},{"taxonomy":"product_tag","embeddable":true,"href":"https:\/\/sezona.lv\/en\/wp-json\/wp\/v2\/product_tag?post=77152"}],"curies":[{"name":"wp","href":"https:\/\/api.w.org\/{rel}","templated":true}]}}