{"id":77154,"date":"2025-07-14T15:02:00","date_gmt":"2025-07-14T12:02:00","guid":{"rendered":"https:\/\/demo8.ecube.lv\/sezona.lv\/products\/nolaisanas-ierice-edelrid-kilo-jul\/"},"modified":"2025-07-14T15:02:00","modified_gmt":"2025-07-14T12:02:00","slug":"nolaisanas-ierice-edelrid-kilo-jul","status":"publish","type":"product","link":"https:\/\/sezona.lv\/en\/products\/nolaisanas-ierice-edelrid-kilo-jul\/","title":{"rendered":"Nolai\u0161an\u0101s ier\u012bce Edelrid Kilo Jul"},"content":{"rendered":"<p><span>Univers\u0101la, iztur\u012bga alum\u012bnija nolai&scaron;an\u0101s\/dro&scaron;in\u0101&scaron;anas ier\u012bce, kas piem\u0113rota lieto&scaron;anai ar 7.8 mm l\u012bdz 10.5 mm virv\u0113m. Ier\u012bces \u0123eometriskais dizains pie\u013cauj divus bremz\u0113&scaron;anas \u0101trumus. Ier\u012bce labi izdod virvi dro&scaron;inot vado&scaron;o k\u0101p\u0113ju, k\u0101 ar\u012b to iesp\u0113jams lietot, lai past\u0101v\u012bgi paceltos, k\u0101pjot komand\u0101 pa trim.<\/span><\/p>\n","protected":false},"excerpt":{"rendered":"<p>Univers\u0101la, iztur\u012bga alum\u012bnija nolai&scaron;an\u0101s\/dro&scaron;in\u0101&scaron;anas ier\u012bce, kas piem\u0113rota lieto&scaron;anai ar 7.8 mm l\u012bdz 10.5 mm virv\u0113m. Ier\u012bces \u0123eometriskais dizains pie\u013cauj divus bremz\u0113&scaron;anas \u0101trumus. Ier\u012bce labi izdod virvi dro&scaron;inot vado&scaron;o k\u0101p\u0113ju, k\u0101 ar\u012b to iesp\u0113jams lietot, lai past\u0101v\u012bgi paceltos, k\u0101pjot komand\u0101 pa trim.<\/p>\n","protected":false},"featured_media":0,"template":"","meta":[],"product_brand":[3348],"product_cat":[4851,4859,4863],"product_tag":[],"class_list":{"0":"post-77154","1":"product","2":"type-product","3":"status-publish","5":"product_brand-edelrid","6":"product_cat-mountaineering-equipment-recreation","7":"product_cat-for-rock-climbing-mountaineering-mountaineering-equipment-recreation","8":"product_cat-safety-and-descent-devices-for-rock-climbing-mountaineering-mountaineering-equipment-recreation","10":"first","11":"instock","12":"shipping-taxable","13":"purchasable","14":"product-type-simple"},"_links":{"self":[{"href":"https:\/\/sezona.lv\/en\/wp-json\/wp\/v2\/product\/77154","targetHints":{"allow":["GET"]}}],"collection":[{"href":"https:\/\/sezona.lv\/en\/wp-json\/wp\/v2\/product"}],"about":[{"href":"https:\/\/sezona.lv\/en\/wp-json\/wp\/v2\/types\/product"}],"wp:attachment":[{"href":"https:\/\/sezona.lv\/en\/wp-json\/wp\/v2\/media?parent=77154"}],"wp:term":[{"taxonomy":"product_brand","embeddable":true,"href":"https:\/\/sezona.lv\/en\/wp-json\/wp\/v2\/product_brand?post=77154"},{"taxonomy":"product_cat","embeddable":true,"href":"https:\/\/sezona.lv\/en\/wp-json\/wp\/v2\/product_cat?post=77154"},{"taxonomy":"product_tag","embeddable":true,"href":"https:\/\/sezona.lv\/en\/wp-json\/wp\/v2\/product_tag?post=77154"}],"curies":[{"name":"wp","href":"https:\/\/api.w.org\/{rel}","templated":true}]}}