{"id":77155,"date":"2025-07-14T15:02:01","date_gmt":"2025-07-14T12:02:01","guid":{"rendered":"https:\/\/demo8.ecube.lv\/sezona.lv\/products\/nolaisanas-ierice-edelrid-micro-jul\/"},"modified":"2025-07-14T15:02:01","modified_gmt":"2025-07-14T12:02:01","slug":"nolaisanas-ierice-edelrid-micro-jul","status":"publish","type":"product","link":"https:\/\/sezona.lv\/en\/products\/nolaisanas-ierice-edelrid-micro-jul\/","title":{"rendered":"Nolai\u0161an\u0101s ier\u012bce Edelrid Micro Jul"},"content":{"rendered":"<p><span>Kompakta un \u012bpa&scaron;i viegla nolai&scaron;an\u0101s\/dro&scaron;in\u0101&scaron;anas ier\u012bce, kas piem\u0113rota lieto&scaron;anai ar pusvirv\u0113m un dubultaj\u0101m virv\u0113m. (Vien\u012bg\u0101 ier\u012bce, kas piem\u0113rota lieto&scaron;anai ar Flycatcher 6.9 mm virvi). Ier\u012bcei ir iztur\u012bga un \u013coti viegla ner\u016bs\u0113jo&scaron;a t\u0113rauda konstrukcija. T\u0101 nodro&scaron;ina efekt\u012bvu bremz\u0113&scaron;anas izpild\u012bjumu. Virvi vado&scaron;ajam k\u0101p\u0113jam iesp\u0113jams izdot \u0101tr\u0101k, ar \u012bk&scaron;\u0137i turot ier\u012bci `atv\u0113rts` (open) poz\u012bcij\u0101. Paredz\u0113ta dubultaj\u0101m un pusvirv\u0113m diametr\u0101 no 6.9 l\u012bdz 8.5 mm.<\/span><\/p>\n","protected":false},"excerpt":{"rendered":"<p>Kompakta un \u012bpa&scaron;i viegla nolai&scaron;an\u0101s\/dro&scaron;in\u0101&scaron;anas ier\u012bce, kas piem\u0113rota lieto&scaron;anai ar pusvirv\u0113m un dubultaj\u0101m virv\u0113m. (Vien\u012bg\u0101 ier\u012bce, kas piem\u0113rota lieto&scaron;anai ar Flycatcher 6.9 mm virvi). Ier\u012bcei ir iztur\u012bga un \u013coti viegla ner\u016bs\u0113jo&scaron;a t\u0113rauda konstrukcija. T\u0101 nodro&scaron;ina efekt\u012bvu bremz\u0113&scaron;anas izpild\u012bjumu. Virvi vado&scaron;ajam k\u0101p\u0113jam iesp\u0113jams izdot \u0101tr\u0101k, ar \u012bk&scaron;\u0137i turot ier\u012bci `atv\u0113rts` (open) poz\u012bcij\u0101. Paredz\u0113ta dubultaj\u0101m un pusvirv\u0113m [&hellip;]<\/p>\n","protected":false},"featured_media":0,"template":"","meta":[],"product_brand":[3348],"product_cat":[4851,4859,4863],"product_tag":[],"class_list":{"0":"post-77155","1":"product","2":"type-product","3":"status-publish","5":"product_brand-edelrid","6":"product_cat-mountaineering-equipment-recreation","7":"product_cat-for-rock-climbing-mountaineering-mountaineering-equipment-recreation","8":"product_cat-safety-and-descent-devices-for-rock-climbing-mountaineering-mountaineering-equipment-recreation","10":"first","11":"instock","12":"shipping-taxable","13":"purchasable","14":"product-type-simple"},"_links":{"self":[{"href":"https:\/\/sezona.lv\/en\/wp-json\/wp\/v2\/product\/77155","targetHints":{"allow":["GET"]}}],"collection":[{"href":"https:\/\/sezona.lv\/en\/wp-json\/wp\/v2\/product"}],"about":[{"href":"https:\/\/sezona.lv\/en\/wp-json\/wp\/v2\/types\/product"}],"wp:attachment":[{"href":"https:\/\/sezona.lv\/en\/wp-json\/wp\/v2\/media?parent=77155"}],"wp:term":[{"taxonomy":"product_brand","embeddable":true,"href":"https:\/\/sezona.lv\/en\/wp-json\/wp\/v2\/product_brand?post=77155"},{"taxonomy":"product_cat","embeddable":true,"href":"https:\/\/sezona.lv\/en\/wp-json\/wp\/v2\/product_cat?post=77155"},{"taxonomy":"product_tag","embeddable":true,"href":"https:\/\/sezona.lv\/en\/wp-json\/wp\/v2\/product_tag?post=77155"}],"curies":[{"name":"wp","href":"https:\/\/api.w.org\/{rel}","templated":true}]}}