{"id":77156,"date":"2025-07-14T15:02:02","date_gmt":"2025-07-14T12:02:02","guid":{"rendered":"https:\/\/demo8.ecube.lv\/sezona.lv\/products\/drosinasanas-un-nolaisanas-ierice-petzl-universo\/"},"modified":"2025-07-14T15:02:02","modified_gmt":"2025-07-14T12:02:02","slug":"drosinasanas-un-nolaisanas-ierice-petzl-universo","status":"publish","type":"product","link":"https:\/\/sezona.lv\/en\/products\/drosinasanas-un-nolaisanas-ierice-petzl-universo\/","title":{"rendered":"Dro\u0161in\u0101\u0161anas un nolai\u0161an\u0101s ier\u012bce Petzl Universo"},"content":{"rendered":"<p><span>Dro&scaron;in\u0101&scaron;anas un nolai&scaron;an\u0101s ier\u012bce UNIVERSO sast\u0101v no Verso dro&scaron;in\u0101&scaron;anas ier\u012bces un Attache 3D karab\u012bnes, kas savienoti kop\u0101, lai nepazaud\u0113tu vienu no otra. Paredz\u0113ta skol\u0101m un k\u0101p&scaron;anas z\u0101l\u0113m vai piedz\u012bvojumu parkiem.<\/span><\/p>\n<ul class=\"item_traits\">\n<li><label>Dubult\u0101s virves:<\/label>&gt;= 8 mm<\/li>\n<li class=\"odd\"><label>Pamatvirve:<\/label>&gt;= 8.9 mm<\/li>\n<li><label>Pusvirves:<\/label>&gt;= 7.5 mm<\/li>\n<\/ul>\n","protected":false},"excerpt":{"rendered":"<p>Dro&scaron;in\u0101&scaron;anas un nolai&scaron;an\u0101s ier\u012bce UNIVERSO sast\u0101v no Verso dro&scaron;in\u0101&scaron;anas ier\u012bces un Attache 3D karab\u012bnes, kas savienoti kop\u0101, lai nepazaud\u0113tu vienu no otra. Paredz\u0113ta skol\u0101m un k\u0101p&scaron;anas z\u0101l\u0113m vai piedz\u012bvojumu parkiem. Dubult\u0101s virves:&gt;= 8 mm Pamatvirve:&gt;= 8.9 mm Pusvirves:&gt;= 7.5 mm<\/p>\n","protected":false},"featured_media":0,"template":"","meta":[],"product_brand":[957],"product_cat":[4851,4859,4863],"product_tag":[],"class_list":{"0":"post-77156","1":"product","2":"type-product","3":"status-publish","5":"product_brand-petzl","6":"product_cat-mountaineering-equipment-recreation","7":"product_cat-for-rock-climbing-mountaineering-mountaineering-equipment-recreation","8":"product_cat-safety-and-descent-devices-for-rock-climbing-mountaineering-mountaineering-equipment-recreation","10":"first","11":"instock","12":"shipping-taxable","13":"purchasable","14":"product-type-simple"},"_links":{"self":[{"href":"https:\/\/sezona.lv\/en\/wp-json\/wp\/v2\/product\/77156","targetHints":{"allow":["GET"]}}],"collection":[{"href":"https:\/\/sezona.lv\/en\/wp-json\/wp\/v2\/product"}],"about":[{"href":"https:\/\/sezona.lv\/en\/wp-json\/wp\/v2\/types\/product"}],"wp:attachment":[{"href":"https:\/\/sezona.lv\/en\/wp-json\/wp\/v2\/media?parent=77156"}],"wp:term":[{"taxonomy":"product_brand","embeddable":true,"href":"https:\/\/sezona.lv\/en\/wp-json\/wp\/v2\/product_brand?post=77156"},{"taxonomy":"product_cat","embeddable":true,"href":"https:\/\/sezona.lv\/en\/wp-json\/wp\/v2\/product_cat?post=77156"},{"taxonomy":"product_tag","embeddable":true,"href":"https:\/\/sezona.lv\/en\/wp-json\/wp\/v2\/product_tag?post=77156"}],"curies":[{"name":"wp","href":"https:\/\/api.w.org\/{rel}","templated":true}]}}