{"id":77157,"date":"2025-07-14T15:02:04","date_gmt":"2025-07-14T12:02:04","guid":{"rendered":"https:\/\/demo8.ecube.lv\/sezona.lv\/products\/nolaisanas-ierice-edelrid-eddy\/"},"modified":"2025-07-14T15:02:04","modified_gmt":"2025-07-14T12:02:04","slug":"nolaisanas-ierice-edelrid-eddy","status":"publish","type":"product","link":"https:\/\/sezona.lv\/en\/products\/nolaisanas-ierice-edelrid-eddy\/","title":{"rendered":"Nolai\u0161an\u0101s ier\u012bce Edelrid Eddy"},"content":{"rendered":"<p><span>Pusautom\u0101tisk\u0101 dro&scaron;in\u0101&scaron;anas\/nolai&scaron;an\u0101s ier\u012bce, kas galvenok\u0101rt piem\u0113rota sporta klin&scaron;u k\u0101p&scaron;anai un k\u0101p&scaron;anai iek&scaron;telp\u0101s. T\u0101 ir viegli lietojama un dro&scaron;a. Kontrol\u0113tais nolai&scaron;an\u0101s process ar \u0101rk\u0101rtas situ\u0101ciju bremz\u0113&scaron;anas sist\u0113mu samazina &#8220;panikas r\u0101viena&#8221;sindromu, kas var izrais\u012bt nopietnus negad\u012bjumus. Tas nodro&scaron;ina dro&scaron;u un vieglu virves pado&scaron;anu un ier\u012bces lieto&scaron;anu. &Scaron;o ier\u012bci nepiecie&scaron;ams lietot ar ab\u0101m rok\u0101m. Piem\u0113rots lieto&scaron;anai ar pamatvirv\u0113m diametr\u0101 no 9.0 l\u012bdz 11.0 mm.<\/span><\/p>\n<ul class=\"item_traits\">\n<li class=\"odd\"><label>Pamatvirve:<\/label>9.0 l\u012bdz 11.0 mm<\/li>\n<li><label>Svars:<\/label>360 g<\/li>\n<\/ul>\n","protected":false},"excerpt":{"rendered":"<p>Pusautom\u0101tisk\u0101 dro&scaron;in\u0101&scaron;anas\/nolai&scaron;an\u0101s ier\u012bce, kas galvenok\u0101rt piem\u0113rota sporta klin&scaron;u k\u0101p&scaron;anai un k\u0101p&scaron;anai iek&scaron;telp\u0101s. T\u0101 ir viegli lietojama un dro&scaron;a. Kontrol\u0113tais nolai&scaron;an\u0101s process ar \u0101rk\u0101rtas situ\u0101ciju bremz\u0113&scaron;anas sist\u0113mu samazina &#8220;panikas r\u0101viena&#8221;sindromu, kas var izrais\u012bt nopietnus negad\u012bjumus. Tas nodro&scaron;ina dro&scaron;u un vieglu virves pado&scaron;anu un ier\u012bces lieto&scaron;anu. &Scaron;o ier\u012bci nepiecie&scaron;ams lietot ar ab\u0101m rok\u0101m. Piem\u0113rots lieto&scaron;anai ar pamatvirv\u0113m [&hellip;]<\/p>\n","protected":false},"featured_media":0,"template":"","meta":[],"product_brand":[3348],"product_cat":[4851,4859,4863],"product_tag":[],"class_list":{"0":"post-77157","1":"product","2":"type-product","3":"status-publish","5":"product_brand-edelrid","6":"product_cat-mountaineering-equipment-recreation","7":"product_cat-for-rock-climbing-mountaineering-mountaineering-equipment-recreation","8":"product_cat-safety-and-descent-devices-for-rock-climbing-mountaineering-mountaineering-equipment-recreation","10":"first","11":"instock","12":"shipping-taxable","13":"purchasable","14":"product-type-simple"},"_links":{"self":[{"href":"https:\/\/sezona.lv\/en\/wp-json\/wp\/v2\/product\/77157","targetHints":{"allow":["GET"]}}],"collection":[{"href":"https:\/\/sezona.lv\/en\/wp-json\/wp\/v2\/product"}],"about":[{"href":"https:\/\/sezona.lv\/en\/wp-json\/wp\/v2\/types\/product"}],"wp:attachment":[{"href":"https:\/\/sezona.lv\/en\/wp-json\/wp\/v2\/media?parent=77157"}],"wp:term":[{"taxonomy":"product_brand","embeddable":true,"href":"https:\/\/sezona.lv\/en\/wp-json\/wp\/v2\/product_brand?post=77157"},{"taxonomy":"product_cat","embeddable":true,"href":"https:\/\/sezona.lv\/en\/wp-json\/wp\/v2\/product_cat?post=77157"},{"taxonomy":"product_tag","embeddable":true,"href":"https:\/\/sezona.lv\/en\/wp-json\/wp\/v2\/product_tag?post=77157"}],"curies":[{"name":"wp","href":"https:\/\/api.w.org\/{rel}","templated":true}]}}