{"id":77158,"date":"2025-07-14T15:02:05","date_gmt":"2025-07-14T12:02:05","guid":{"rendered":"https:\/\/demo8.ecube.lv\/sezona.lv\/products\/virves-saspiedejs-petzl-rescucender-rope-clamp-grab\/"},"modified":"2025-07-14T15:02:05","modified_gmt":"2025-07-14T12:02:05","slug":"virves-saspiedejs-petzl-rescucender-rope-clamp-grab","status":"publish","type":"product","link":"https:\/\/sezona.lv\/en\/products\/virves-saspiedejs-petzl-rescucender-rope-clamp-grab\/","title":{"rendered":"Virves saspied\u0113js Petzl Rescucender rope clamp\/grab"},"content":{"rendered":"<p><span>Iztur\u012bgs virves saspied\u0113js, kas piem\u0113rots ilgsto&scaron;ai lieto&scaron;anai uz virves. Saspied\u0113ja no\u0146emam\u0101 ass \u013cauj \u0113rti uzst\u0101d\u012bt vai no\u0146emt skavu jebkur\u0101 virves punkt\u0101. Sl\u0113dzo&scaron;\u0101 tapa samazina nejau&scaron;u ier\u012bces atv\u0113r&scaron;an\u0101s risku. Virves gals ir j\u0101izver cauri ier\u012bcei. CE EN 567 sertific\u0113ts.<\/span><\/p>\n<ul class=\"item_traits\">\n<li class=\"odd\"><label>Virves diametrs:<\/label>9 &#8211; 13 mm mm<\/li>\n<li><label>Svars:<\/label>160 g<\/li>\n<\/ul>\n","protected":false},"excerpt":{"rendered":"<p>Iztur\u012bgs virves saspied\u0113js, kas piem\u0113rots ilgsto&scaron;ai lieto&scaron;anai uz virves. Saspied\u0113ja no\u0146emam\u0101 ass \u013cauj \u0113rti uzst\u0101d\u012bt vai no\u0146emt skavu jebkur\u0101 virves punkt\u0101. Sl\u0113dzo&scaron;\u0101 tapa samazina nejau&scaron;u ier\u012bces atv\u0113r&scaron;an\u0101s risku. Virves gals ir j\u0101izver cauri ier\u012bcei. CE EN 567 sertific\u0113ts. Virves diametrs:9 &#8211; 13 mm mm Svars:160 g<\/p>\n","protected":false},"featured_media":0,"template":"","meta":[],"product_brand":[957],"product_cat":[4851,4859,4871],"product_tag":[],"class_list":{"0":"post-77158","1":"product","2":"type-product","3":"status-publish","5":"product_brand-petzl","6":"product_cat-mountaineering-equipment-recreation","7":"product_cat-for-rock-climbing-mountaineering-mountaineering-equipment-recreation","8":"product_cat-rope-ascenders-for-rock-climbing-mountaineering-mountaineering-equipment-recreation","10":"first","11":"instock","12":"shipping-taxable","13":"purchasable","14":"product-type-simple"},"_links":{"self":[{"href":"https:\/\/sezona.lv\/en\/wp-json\/wp\/v2\/product\/77158","targetHints":{"allow":["GET"]}}],"collection":[{"href":"https:\/\/sezona.lv\/en\/wp-json\/wp\/v2\/product"}],"about":[{"href":"https:\/\/sezona.lv\/en\/wp-json\/wp\/v2\/types\/product"}],"wp:attachment":[{"href":"https:\/\/sezona.lv\/en\/wp-json\/wp\/v2\/media?parent=77158"}],"wp:term":[{"taxonomy":"product_brand","embeddable":true,"href":"https:\/\/sezona.lv\/en\/wp-json\/wp\/v2\/product_brand?post=77158"},{"taxonomy":"product_cat","embeddable":true,"href":"https:\/\/sezona.lv\/en\/wp-json\/wp\/v2\/product_cat?post=77158"},{"taxonomy":"product_tag","embeddable":true,"href":"https:\/\/sezona.lv\/en\/wp-json\/wp\/v2\/product_tag?post=77158"}],"curies":[{"name":"wp","href":"https:\/\/api.w.org\/{rel}","templated":true}]}}