{"id":77159,"date":"2025-07-14T15:02:07","date_gmt":"2025-07-14T12:02:07","guid":{"rendered":"https:\/\/demo8.ecube.lv\/sezona.lv\/products\/trisis-singing-rock-redblock\/"},"modified":"2025-07-14T15:02:07","modified_gmt":"2025-07-14T12:02:07","slug":"trisis-singing-rock-redblock","status":"publish","type":"product","link":"https:\/\/sezona.lv\/en\/products\/trisis-singing-rock-redblock\/","title":{"rendered":"Tr\u012bsis Singing Rock Redblock"},"content":{"rendered":"<p><span>Ier\u012bce, kas pie aug&scaron;\u0113j\u0101s dro&scaron;in\u0101&scaron;anas samazina virves nolietojumu (pie past\u0101v\u012bgiem enkura punktiem). Izstr\u0101d\u0101ta pielieto&scaron;anai p\u0101rcel&scaron;an\u0101s viet\u0101s pa virvi. Lieliski piem\u0113rots piedz\u012bvojumu parkiem un z\u0101l\u0113m. Var tikt uzst\u0101d\u012bts div\u0101s as\u012bs. Lab\u0101kai izsekojam\u012bbai un kontrolei, RedBlock tiek mar\u0137\u0113ts ar unik\u0101lu numuru. S\u0101nu pl\u0101ksnes izgatavotas no viegla alum\u012bnija, skritulis izgatavots no iztur\u012bga ner\u016bs\u0113jo&scaron;\u0101 t\u0113rauda. &Scaron;\u012b ier\u012bce atbilst CE 1015 standarta pras\u012bb\u0101m.<\/span><\/p>\n<ul class=\"item_traits\">\n<li class=\"odd\"><label>max. darba slodze:<\/label>26<\/li>\n<li><label>Virves diametrs:<\/label>12 mm<\/li>\n<li class=\"odd\"><label>Svars:<\/label>380 g<\/li>\n<\/ul>\n","protected":false},"excerpt":{"rendered":"<p>Ier\u012bce, kas pie aug&scaron;\u0113j\u0101s dro&scaron;in\u0101&scaron;anas samazina virves nolietojumu (pie past\u0101v\u012bgiem enkura punktiem). Izstr\u0101d\u0101ta pielieto&scaron;anai p\u0101rcel&scaron;an\u0101s viet\u0101s pa virvi. Lieliski piem\u0113rots piedz\u012bvojumu parkiem un z\u0101l\u0113m. Var tikt uzst\u0101d\u012bts div\u0101s as\u012bs. Lab\u0101kai izsekojam\u012bbai un kontrolei, RedBlock tiek mar\u0137\u0113ts ar unik\u0101lu numuru. S\u0101nu pl\u0101ksnes izgatavotas no viegla alum\u012bnija, skritulis izgatavots no iztur\u012bga ner\u016bs\u0113jo&scaron;\u0101 t\u0113rauda. &Scaron;\u012b ier\u012bce atbilst CE [&hellip;]<\/p>\n","protected":false},"featured_media":0,"template":"","meta":[],"product_brand":[3350],"product_cat":[4851,4859,4870],"product_tag":[],"class_list":{"0":"post-77159","1":"product","2":"type-product","3":"status-publish","5":"product_brand-singing-rock","6":"product_cat-mountaineering-equipment-recreation","7":"product_cat-for-rock-climbing-mountaineering-mountaineering-equipment-recreation","8":"product_cat-pulleys-for-rock-climbing-mountaineering-mountaineering-equipment-recreation","10":"first","11":"instock","12":"shipping-taxable","13":"purchasable","14":"product-type-simple"},"_links":{"self":[{"href":"https:\/\/sezona.lv\/en\/wp-json\/wp\/v2\/product\/77159","targetHints":{"allow":["GET"]}}],"collection":[{"href":"https:\/\/sezona.lv\/en\/wp-json\/wp\/v2\/product"}],"about":[{"href":"https:\/\/sezona.lv\/en\/wp-json\/wp\/v2\/types\/product"}],"wp:attachment":[{"href":"https:\/\/sezona.lv\/en\/wp-json\/wp\/v2\/media?parent=77159"}],"wp:term":[{"taxonomy":"product_brand","embeddable":true,"href":"https:\/\/sezona.lv\/en\/wp-json\/wp\/v2\/product_brand?post=77159"},{"taxonomy":"product_cat","embeddable":true,"href":"https:\/\/sezona.lv\/en\/wp-json\/wp\/v2\/product_cat?post=77159"},{"taxonomy":"product_tag","embeddable":true,"href":"https:\/\/sezona.lv\/en\/wp-json\/wp\/v2\/product_tag?post=77159"}],"curies":[{"name":"wp","href":"https:\/\/api.w.org\/{rel}","templated":true}]}}