{"id":77160,"date":"2025-07-14T15:02:07","date_gmt":"2025-07-14T12:02:07","guid":{"rendered":"https:\/\/demo8.ecube.lv\/sezona.lv\/products\/cilpa-tendon-express-sling-sarkana-15cm\/"},"modified":"2025-07-14T15:02:07","modified_gmt":"2025-07-14T12:02:07","slug":"cilpa-tendon-express-sling-sarkana-15cm","status":"publish","type":"product","link":"https:\/\/sezona.lv\/en\/products\/cilpa-tendon-express-sling-sarkana-15cm\/","title":{"rendered":"Cilpa Tendon Express Sling sarkana 15cm"},"content":{"rendered":"<p><span>No neilona materi\u0101la &scaron;\u016bta cilpa, kas paredz\u0113ta atsait\u0113m.<\/span><\/p>\n<ul id=\"traits_24379\" class=\"item_traits\">\n<li class=\"odd\"><label>Kr\u0101sa:<\/label>Sarkana<\/li>\n<li><label>Izm\u0113rs:<\/label>15 cm<\/li>\n<li class=\"odd\"><label>Garums:<\/label>15 cm<\/li>\n<li><label>Iztur\u012bba:<\/label>22 kN<\/li>\n<li class=\"odd\"><label>Materi\u0101ls:<\/label>Neilons<\/li>\n<li><label>Platums:<\/label>19 mm<\/li>\n<li class=\"odd\"><label>Svars:<\/label>10 g<\/li>\n<\/ul>\n","protected":false},"excerpt":{"rendered":"<p>No neilona materi\u0101la &scaron;\u016bta cilpa, kas paredz\u0113ta atsait\u0113m. Kr\u0101sa:Sarkana Izm\u0113rs:15 cm Garums:15 cm Iztur\u012bba:22 kN Materi\u0101ls:Neilons Platums:19 mm Svars:10 g<\/p>\n","protected":false},"featured_media":0,"template":"","meta":[],"product_brand":[3351],"product_cat":[4851,4859,4866],"product_tag":[],"class_list":{"0":"post-77160","1":"product","2":"type-product","3":"status-publish","5":"product_brand-tendon","6":"product_cat-mountaineering-equipment-recreation","7":"product_cat-for-rock-climbing-mountaineering-mountaineering-equipment-recreation","8":"product_cat-slings-and-self-securing-loops-for-rock-climbing-mountaineering-mountaineering-equipment-recreation","10":"first","11":"instock","12":"shipping-taxable","13":"purchasable","14":"product-type-simple"},"_links":{"self":[{"href":"https:\/\/sezona.lv\/en\/wp-json\/wp\/v2\/product\/77160","targetHints":{"allow":["GET"]}}],"collection":[{"href":"https:\/\/sezona.lv\/en\/wp-json\/wp\/v2\/product"}],"about":[{"href":"https:\/\/sezona.lv\/en\/wp-json\/wp\/v2\/types\/product"}],"wp:attachment":[{"href":"https:\/\/sezona.lv\/en\/wp-json\/wp\/v2\/media?parent=77160"}],"wp:term":[{"taxonomy":"product_brand","embeddable":true,"href":"https:\/\/sezona.lv\/en\/wp-json\/wp\/v2\/product_brand?post=77160"},{"taxonomy":"product_cat","embeddable":true,"href":"https:\/\/sezona.lv\/en\/wp-json\/wp\/v2\/product_cat?post=77160"},{"taxonomy":"product_tag","embeddable":true,"href":"https:\/\/sezona.lv\/en\/wp-json\/wp\/v2\/product_tag?post=77160"}],"curies":[{"name":"wp","href":"https:\/\/api.w.org\/{rel}","templated":true}]}}