{"id":77161,"date":"2025-07-14T15:02:08","date_gmt":"2025-07-14T12:02:08","guid":{"rendered":"https:\/\/demo8.ecube.lv\/sezona.lv\/products\/cilpa-tendon-express-sling-balta-sarkana-20cm\/"},"modified":"2025-07-14T15:02:08","modified_gmt":"2025-07-14T12:02:08","slug":"cilpa-tendon-express-sling-balta-sarkana-20cm","status":"publish","type":"product","link":"https:\/\/sezona.lv\/en\/products\/cilpa-tendon-express-sling-balta-sarkana-20cm\/","title":{"rendered":"Cilpa Tendon Express Sling balta\/sarkana 20cm"},"content":{"rendered":"<p><span>No neilona materi\u0101la &scaron;\u016bta cilpa, kas paredz\u0113ta atsait\u0113m.<\/span><\/p>\n<ul id=\"traits_24380\" class=\"item_traits\">\n<li class=\"odd\"><label>Kr\u0101sa:<\/label>Balta \/ Sarkana<\/li>\n<li><label>Izm\u0113rs:<\/label>20 cm<\/li>\n<li class=\"odd\"><label>Garums:<\/label>20 cm<\/li>\n<li><label>Iztur\u012bba:<\/label>22 kN<\/li>\n<li class=\"odd\"><label>Materi\u0101ls:<\/label>Neilons<\/li>\n<li><label>Platums:<\/label>19 mm<\/li>\n<li class=\"odd\"><label>Svars:<\/label>10 g<\/li>\n<\/ul>\n","protected":false},"excerpt":{"rendered":"<p>No neilona materi\u0101la &scaron;\u016bta cilpa, kas paredz\u0113ta atsait\u0113m. Kr\u0101sa:Balta \/ Sarkana Izm\u0113rs:20 cm Garums:20 cm Iztur\u012bba:22 kN Materi\u0101ls:Neilons Platums:19 mm Svars:10 g<\/p>\n","protected":false},"featured_media":0,"template":"","meta":[],"product_brand":[3351],"product_cat":[4851,4859,4866],"product_tag":[],"class_list":{"0":"post-77161","1":"product","2":"type-product","3":"status-publish","5":"product_brand-tendon","6":"product_cat-mountaineering-equipment-recreation","7":"product_cat-for-rock-climbing-mountaineering-mountaineering-equipment-recreation","8":"product_cat-slings-and-self-securing-loops-for-rock-climbing-mountaineering-mountaineering-equipment-recreation","10":"first","11":"instock","12":"shipping-taxable","13":"purchasable","14":"product-type-simple"},"_links":{"self":[{"href":"https:\/\/sezona.lv\/en\/wp-json\/wp\/v2\/product\/77161","targetHints":{"allow":["GET"]}}],"collection":[{"href":"https:\/\/sezona.lv\/en\/wp-json\/wp\/v2\/product"}],"about":[{"href":"https:\/\/sezona.lv\/en\/wp-json\/wp\/v2\/types\/product"}],"wp:attachment":[{"href":"https:\/\/sezona.lv\/en\/wp-json\/wp\/v2\/media?parent=77161"}],"wp:term":[{"taxonomy":"product_brand","embeddable":true,"href":"https:\/\/sezona.lv\/en\/wp-json\/wp\/v2\/product_brand?post=77161"},{"taxonomy":"product_cat","embeddable":true,"href":"https:\/\/sezona.lv\/en\/wp-json\/wp\/v2\/product_cat?post=77161"},{"taxonomy":"product_tag","embeddable":true,"href":"https:\/\/sezona.lv\/en\/wp-json\/wp\/v2\/product_tag?post=77161"}],"curies":[{"name":"wp","href":"https:\/\/api.w.org\/{rel}","templated":true}]}}