{"id":77165,"date":"2025-07-14T15:02:11","date_gmt":"2025-07-14T12:02:11","guid":{"rendered":"https:\/\/demo8.ecube.lv\/sezona.lv\/products\/cilpa-singing-rock-sling-16-mm-60cm\/"},"modified":"2025-07-14T15:02:11","modified_gmt":"2025-07-14T12:02:11","slug":"cilpa-singing-rock-sling-16-mm-60cm","status":"publish","type":"product","link":"https:\/\/sezona.lv\/en\/products\/cilpa-singing-rock-sling-16-mm-60cm\/","title":{"rendered":"Cilpa Singing Rock Sling 16 mm 60cm"},"content":{"rendered":"<p><span>Viegla un iztur\u012bga cilpa. K\u0101p\u0113ji cilpu izmanto gan atp\u016btas br\u012b\u017eiem nolai&scaron;an\u0101s stacij\u0101s, gan k\u0101 aizsargelementu daudz\u0101s situ\u0101cij\u0101s.<\/span><br \/><span>Cilpa ir ekip\u0113juma da\u013ca, kas tiek lietota katr\u0101 br\u012bvdabas aktivit\u0101t\u0113. Materi\u0101ls: Poliam\u012bds<\/span><br \/><span>Sertifik\u0101cija: CE1019, EN 566.<\/span><\/p>\n<ul id=\"traits_30771\" class=\"item_traits\">\n<li class=\"odd\"><label>Garums:<\/label>60 cm<\/li>\n<li><label>Garums:<\/label>60 cm<\/li>\n<li class=\"odd\"><label>Iztur\u012bba:<\/label>22 kN<\/li>\n<li><label>Platums:<\/label>16 mm<\/li>\n<li class=\"odd\"><label>Svars:<\/label>150 g<\/li>\n<\/ul>\n","protected":false},"excerpt":{"rendered":"<p>Viegla un iztur\u012bga cilpa. K\u0101p\u0113ji cilpu izmanto gan atp\u016btas br\u012b\u017eiem nolai&scaron;an\u0101s stacij\u0101s, gan k\u0101 aizsargelementu daudz\u0101s situ\u0101cij\u0101s.Cilpa ir ekip\u0113juma da\u013ca, kas tiek lietota katr\u0101 br\u012bvdabas aktivit\u0101t\u0113. Materi\u0101ls: Poliam\u012bdsSertifik\u0101cija: CE1019, EN 566. Garums:60 cm Garums:60 cm Iztur\u012bba:22 kN Platums:16 mm Svars:150 g<\/p>\n","protected":false},"featured_media":0,"template":"","meta":[],"product_brand":[3350],"product_cat":[4851,4859,4866],"product_tag":[],"class_list":{"0":"post-77165","1":"product","2":"type-product","3":"status-publish","5":"product_brand-singing-rock","6":"product_cat-mountaineering-equipment-recreation","7":"product_cat-for-rock-climbing-mountaineering-mountaineering-equipment-recreation","8":"product_cat-slings-and-self-securing-loops-for-rock-climbing-mountaineering-mountaineering-equipment-recreation","10":"first","11":"instock","12":"shipping-taxable","13":"purchasable","14":"product-type-simple"},"_links":{"self":[{"href":"https:\/\/sezona.lv\/en\/wp-json\/wp\/v2\/product\/77165","targetHints":{"allow":["GET"]}}],"collection":[{"href":"https:\/\/sezona.lv\/en\/wp-json\/wp\/v2\/product"}],"about":[{"href":"https:\/\/sezona.lv\/en\/wp-json\/wp\/v2\/types\/product"}],"wp:attachment":[{"href":"https:\/\/sezona.lv\/en\/wp-json\/wp\/v2\/media?parent=77165"}],"wp:term":[{"taxonomy":"product_brand","embeddable":true,"href":"https:\/\/sezona.lv\/en\/wp-json\/wp\/v2\/product_brand?post=77165"},{"taxonomy":"product_cat","embeddable":true,"href":"https:\/\/sezona.lv\/en\/wp-json\/wp\/v2\/product_cat?post=77165"},{"taxonomy":"product_tag","embeddable":true,"href":"https:\/\/sezona.lv\/en\/wp-json\/wp\/v2\/product_tag?post=77165"}],"curies":[{"name":"wp","href":"https:\/\/api.w.org\/{rel}","templated":true}]}}