{"id":77169,"date":"2025-07-14T15:02:18","date_gmt":"2025-07-14T12:02:18","guid":{"rendered":"https:\/\/demo8.ecube.lv\/sezona.lv\/products\/cilpa-petzl-express-11cm\/"},"modified":"2025-07-14T15:02:18","modified_gmt":"2025-07-14T12:02:18","slug":"cilpa-petzl-express-11cm","status":"publish","type":"product","link":"https:\/\/sezona.lv\/en\/products\/cilpa-petzl-express-11cm\/","title":{"rendered":"Cilpa Petzl Express 11cm"},"content":{"rendered":"<p><span>Cilpa Express ir ide\u0101li piem\u0113rota atsai&scaron;u veido&scaron;anai. T\u0101 ir veidota dro&scaron;a un uzticama, t\u0101p\u0113c Tev neb\u016bs j\u0101satraucas par t\u0101s iztur\u012bbu.<\/span><\/p>\n<ul id=\"traits_1507\" class=\"item_traits\">\n<li class=\"odd\"><label>Izm\u0113rs:<\/label>11 cm<\/li>\n<li><label>Garums:<\/label>11 cm<\/li>\n<li class=\"odd\"><label>Svars:<\/label>10 g<\/li>\n<\/ul>\n","protected":false},"excerpt":{"rendered":"<p>Cilpa Express ir ide\u0101li piem\u0113rota atsai&scaron;u veido&scaron;anai. T\u0101 ir veidota dro&scaron;a un uzticama, t\u0101p\u0113c Tev neb\u016bs j\u0101satraucas par t\u0101s iztur\u012bbu. Izm\u0113rs:11 cm Garums:11 cm Svars:10 g<\/p>\n","protected":false},"featured_media":0,"template":"","meta":[],"product_brand":[957],"product_cat":[4851,4859,4866],"product_tag":[],"class_list":{"0":"post-77169","1":"product","2":"type-product","3":"status-publish","5":"product_brand-petzl","6":"product_cat-mountaineering-equipment-recreation","7":"product_cat-for-rock-climbing-mountaineering-mountaineering-equipment-recreation","8":"product_cat-slings-and-self-securing-loops-for-rock-climbing-mountaineering-mountaineering-equipment-recreation","10":"first","11":"instock","12":"shipping-taxable","13":"purchasable","14":"product-type-simple"},"_links":{"self":[{"href":"https:\/\/sezona.lv\/en\/wp-json\/wp\/v2\/product\/77169","targetHints":{"allow":["GET"]}}],"collection":[{"href":"https:\/\/sezona.lv\/en\/wp-json\/wp\/v2\/product"}],"about":[{"href":"https:\/\/sezona.lv\/en\/wp-json\/wp\/v2\/types\/product"}],"wp:attachment":[{"href":"https:\/\/sezona.lv\/en\/wp-json\/wp\/v2\/media?parent=77169"}],"wp:term":[{"taxonomy":"product_brand","embeddable":true,"href":"https:\/\/sezona.lv\/en\/wp-json\/wp\/v2\/product_brand?post=77169"},{"taxonomy":"product_cat","embeddable":true,"href":"https:\/\/sezona.lv\/en\/wp-json\/wp\/v2\/product_cat?post=77169"},{"taxonomy":"product_tag","embeddable":true,"href":"https:\/\/sezona.lv\/en\/wp-json\/wp\/v2\/product_tag?post=77169"}],"curies":[{"name":"wp","href":"https:\/\/api.w.org\/{rel}","templated":true}]}}