{"id":77171,"date":"2025-07-14T15:02:20","date_gmt":"2025-07-14T12:02:20","guid":{"rendered":"https:\/\/demo8.ecube.lv\/sezona.lv\/products\/cilpa-petzl-express-24cm\/"},"modified":"2025-07-14T15:02:20","modified_gmt":"2025-07-14T12:02:20","slug":"cilpa-petzl-express-24cm","status":"publish","type":"product","link":"https:\/\/sezona.lv\/en\/products\/cilpa-petzl-express-24cm\/","title":{"rendered":"Cilpa Petzl Express 24cm"},"content":{"rendered":"<p><span>Cilpa Express ir ide\u0101li piem\u0113rota atsai&scaron;u veido&scaron;anai. T\u0101 ir veidota dro&scaron;a un uzticama, t\u0101p\u0113c Tev neb\u016bs j\u0101satraucas par t\u0101s iztur\u012bbu.<\/span><\/p>\n<ul id=\"traits_1509\" class=\"item_traits\">\n<li class=\"odd\"><label>Izm\u0113rs:<\/label>24 cm<\/li>\n<li><label>Garums:<\/label>24 cm<\/li>\n<li class=\"odd\"><label>Svars:<\/label>20 g<\/li>\n<\/ul>\n","protected":false},"excerpt":{"rendered":"<p>Cilpa Express ir ide\u0101li piem\u0113rota atsai&scaron;u veido&scaron;anai. T\u0101 ir veidota dro&scaron;a un uzticama, t\u0101p\u0113c Tev neb\u016bs j\u0101satraucas par t\u0101s iztur\u012bbu. Izm\u0113rs:24 cm Garums:24 cm Svars:20 g<\/p>\n","protected":false},"featured_media":0,"template":"","meta":[],"product_brand":[957],"product_cat":[4851,4859,4866],"product_tag":[],"class_list":{"0":"post-77171","1":"product","2":"type-product","3":"status-publish","5":"product_brand-petzl","6":"product_cat-mountaineering-equipment-recreation","7":"product_cat-for-rock-climbing-mountaineering-mountaineering-equipment-recreation","8":"product_cat-slings-and-self-securing-loops-for-rock-climbing-mountaineering-mountaineering-equipment-recreation","10":"first","11":"instock","12":"shipping-taxable","13":"purchasable","14":"product-type-simple"},"_links":{"self":[{"href":"https:\/\/sezona.lv\/en\/wp-json\/wp\/v2\/product\/77171","targetHints":{"allow":["GET"]}}],"collection":[{"href":"https:\/\/sezona.lv\/en\/wp-json\/wp\/v2\/product"}],"about":[{"href":"https:\/\/sezona.lv\/en\/wp-json\/wp\/v2\/types\/product"}],"wp:attachment":[{"href":"https:\/\/sezona.lv\/en\/wp-json\/wp\/v2\/media?parent=77171"}],"wp:term":[{"taxonomy":"product_brand","embeddable":true,"href":"https:\/\/sezona.lv\/en\/wp-json\/wp\/v2\/product_brand?post=77171"},{"taxonomy":"product_cat","embeddable":true,"href":"https:\/\/sezona.lv\/en\/wp-json\/wp\/v2\/product_cat?post=77171"},{"taxonomy":"product_tag","embeddable":true,"href":"https:\/\/sezona.lv\/en\/wp-json\/wp\/v2\/product_tag?post=77171"}],"curies":[{"name":"wp","href":"https:\/\/api.w.org\/{rel}","templated":true}]}}