{"id":77173,"date":"2025-07-14T15:02:21","date_gmt":"2025-07-14T12:02:21","guid":{"rendered":"https:\/\/demo8.ecube.lv\/sezona.lv\/products\/cilpa-petzl-st-anneau-60cm\/"},"modified":"2025-07-14T15:02:21","modified_gmt":"2025-07-14T12:02:21","slug":"cilpa-petzl-st-anneau-60cm","status":"publish","type":"product","link":"https:\/\/sezona.lv\/en\/products\/cilpa-petzl-st-anneau-60cm\/","title":{"rendered":"Cilpa Petzl St&#8217;Anneau 60cm"},"content":{"rendered":"<p><span>Iztur\u012bga, alp\u012bnismam paredz\u0113ta cilpa no Dyneema materi\u0101la. Augsta nodilumiztur\u012bba un laba kvalit\u0101te.<\/span><\/p>\n<ul id=\"traits_1472\" class=\"item_traits\">\n<li class=\"odd\"><label>Garums:<\/label>60 cm<\/li>\n<li><label>Garums:<\/label>60 cm<\/li>\n<li class=\"odd\"><label>Iztur\u012bba:<\/label>22 kN<\/li>\n<li><label>Materi\u0101ls:<\/label>Dyneema<\/li>\n<li class=\"odd\"><label>Platums:<\/label>12 mm<\/li>\n<li><label>Svars:<\/label>20 g<\/li>\n<\/ul>\n","protected":false},"excerpt":{"rendered":"<p>Iztur\u012bga, alp\u012bnismam paredz\u0113ta cilpa no Dyneema materi\u0101la. Augsta nodilumiztur\u012bba un laba kvalit\u0101te. Garums:60 cm Garums:60 cm Iztur\u012bba:22 kN Materi\u0101ls:Dyneema Platums:12 mm Svars:20 g<\/p>\n","protected":false},"featured_media":0,"template":"","meta":[],"product_brand":[957],"product_cat":[4851,4859,4866],"product_tag":[],"class_list":{"0":"post-77173","1":"product","2":"type-product","3":"status-publish","5":"product_brand-petzl","6":"product_cat-mountaineering-equipment-recreation","7":"product_cat-for-rock-climbing-mountaineering-mountaineering-equipment-recreation","8":"product_cat-slings-and-self-securing-loops-for-rock-climbing-mountaineering-mountaineering-equipment-recreation","10":"first","11":"instock","12":"shipping-taxable","13":"purchasable","14":"product-type-simple"},"_links":{"self":[{"href":"https:\/\/sezona.lv\/en\/wp-json\/wp\/v2\/product\/77173","targetHints":{"allow":["GET"]}}],"collection":[{"href":"https:\/\/sezona.lv\/en\/wp-json\/wp\/v2\/product"}],"about":[{"href":"https:\/\/sezona.lv\/en\/wp-json\/wp\/v2\/types\/product"}],"wp:attachment":[{"href":"https:\/\/sezona.lv\/en\/wp-json\/wp\/v2\/media?parent=77173"}],"wp:term":[{"taxonomy":"product_brand","embeddable":true,"href":"https:\/\/sezona.lv\/en\/wp-json\/wp\/v2\/product_brand?post=77173"},{"taxonomy":"product_cat","embeddable":true,"href":"https:\/\/sezona.lv\/en\/wp-json\/wp\/v2\/product_cat?post=77173"},{"taxonomy":"product_tag","embeddable":true,"href":"https:\/\/sezona.lv\/en\/wp-json\/wp\/v2\/product_tag?post=77173"}],"curies":[{"name":"wp","href":"https:\/\/api.w.org\/{rel}","templated":true}]}}