{"id":77176,"date":"2025-07-14T15:02:24","date_gmt":"2025-07-14T12:02:24","guid":{"rendered":"https:\/\/demo8.ecube.lv\/sezona.lv\/products\/cilpa-petzl-finesse-gaisi-zila-17cm\/"},"modified":"2025-07-14T15:02:24","modified_gmt":"2025-07-14T12:02:24","slug":"cilpa-petzl-finesse-gaisi-zila-17cm","status":"publish","type":"product","link":"https:\/\/sezona.lv\/en\/products\/cilpa-petzl-finesse-gaisi-zila-17cm\/","title":{"rendered":"Cilpa Petzl Finesse gai\u0161i zila 17cm"},"content":{"rendered":"<p id=\"item-description\">\u012apa&scaron;i viegla Dyneema materi\u0101la cilpa ar STRING S gumijas aizsargu, lai pasarg\u0101tu cilpu no abraz\u012bviem boj\u0101jumiem un pal\u012bdz\u0113tu notur\u0113t karab\u012bni pareiz\u0101 poz\u012bcij\u0101. Lielisks svara un iztur\u012bbas l\u012bdzsvars. Sertific\u0113ts: CE EN 566, UIAA.<\/p>\n<ul id=\"traits_19758\" class=\"item_traits\">\n<li class=\"odd\"><label>Kr\u0101sa:<\/label>Gai&scaron;i zila<\/li>\n<li><label>Izm\u0113rs:<\/label>17 cm<\/li>\n<li class=\"odd\"><label>Garums:<\/label>17 cm<\/li>\n<li><label>Iztur\u012bba:<\/label>22 kN<\/li>\n<li class=\"odd\"><label>Materi\u0101ls:<\/label>Dyneema<\/li>\n<li><label>Platums:<\/label>10 mm<\/li>\n<li class=\"odd\"><label>Svars:<\/label>20 g<\/li>\n<\/ul>\n","protected":false},"excerpt":{"rendered":"<p>\u012apa&scaron;i viegla Dyneema materi\u0101la cilpa ar STRING S gumijas aizsargu, lai pasarg\u0101tu cilpu no abraz\u012bviem boj\u0101jumiem un pal\u012bdz\u0113tu notur\u0113t karab\u012bni pareiz\u0101 poz\u012bcij\u0101. Lielisks svara un iztur\u012bbas l\u012bdzsvars. Sertific\u0113ts: CE EN 566, UIAA. Kr\u0101sa:Gai&scaron;i zila Izm\u0113rs:17 cm Garums:17 cm Iztur\u012bba:22 kN Materi\u0101ls:Dyneema Platums:10 mm Svars:20 g<\/p>\n","protected":false},"featured_media":0,"template":"","meta":[],"product_brand":[957],"product_cat":[4851,4859,4866],"product_tag":[],"class_list":{"0":"post-77176","1":"product","2":"type-product","3":"status-publish","5":"product_brand-petzl","6":"product_cat-mountaineering-equipment-recreation","7":"product_cat-for-rock-climbing-mountaineering-mountaineering-equipment-recreation","8":"product_cat-slings-and-self-securing-loops-for-rock-climbing-mountaineering-mountaineering-equipment-recreation","10":"first","11":"instock","12":"shipping-taxable","13":"purchasable","14":"product-type-simple"},"_links":{"self":[{"href":"https:\/\/sezona.lv\/en\/wp-json\/wp\/v2\/product\/77176","targetHints":{"allow":["GET"]}}],"collection":[{"href":"https:\/\/sezona.lv\/en\/wp-json\/wp\/v2\/product"}],"about":[{"href":"https:\/\/sezona.lv\/en\/wp-json\/wp\/v2\/types\/product"}],"wp:attachment":[{"href":"https:\/\/sezona.lv\/en\/wp-json\/wp\/v2\/media?parent=77176"}],"wp:term":[{"taxonomy":"product_brand","embeddable":true,"href":"https:\/\/sezona.lv\/en\/wp-json\/wp\/v2\/product_brand?post=77176"},{"taxonomy":"product_cat","embeddable":true,"href":"https:\/\/sezona.lv\/en\/wp-json\/wp\/v2\/product_cat?post=77176"},{"taxonomy":"product_tag","embeddable":true,"href":"https:\/\/sezona.lv\/en\/wp-json\/wp\/v2\/product_tag?post=77176"}],"curies":[{"name":"wp","href":"https:\/\/api.w.org\/{rel}","templated":true}]}}