{"id":77179,"date":"2025-07-14T15:02:26","date_gmt":"2025-07-14T12:02:26","guid":{"rendered":"https:\/\/demo8.ecube.lv\/sezona.lv\/products\/cilpa-petzl-fin-anneau-120cm\/"},"modified":"2025-07-14T15:02:26","modified_gmt":"2025-07-14T12:02:26","slug":"cilpa-petzl-fin-anneau-120cm","status":"publish","type":"product","link":"https:\/\/sezona.lv\/en\/products\/cilpa-petzl-fin-anneau-120cm\/","title":{"rendered":"Cilpa Petzl Fin&#8217;anneau 120cm"},"content":{"rendered":"<p><span>Vienas no viegl\u0101kaj\u0101m un kompakt\u0101kaj\u0101m Petzl cilp\u0101m, ra\u017eotas no augstv\u0113rt\u012bga Dyneema un neilona materi\u0101la, t\u0101d\u0113j\u0101di samazinot svaru un padarot &scaron;\u012bs siksnas \u013coti kompaktas. T\u0101m piem\u012bt augsta nodilumiztur\u012bba, k\u0101 ar\u012b 22 kN iztur\u012bba.<\/span><\/p>\n<ul id=\"traits_1475\" class=\"item_traits\">\n<li class=\"odd\"><label>Garums:<\/label>120 cm<\/li>\n<li><label>Garums:<\/label>120 cm<\/li>\n<li class=\"odd\"><label>Iztur\u012bba:<\/label>22 kN<\/li>\n<li><label>Materi\u0101ls:<\/label>Dyneema<\/li>\n<li class=\"odd\"><label>Platums:<\/label>8 mm<\/li>\n<li><label>Svars:<\/label>40 g<\/li>\n<\/ul>\n","protected":false},"excerpt":{"rendered":"<p>Vienas no viegl\u0101kaj\u0101m un kompakt\u0101kaj\u0101m Petzl cilp\u0101m, ra\u017eotas no augstv\u0113rt\u012bga Dyneema un neilona materi\u0101la, t\u0101d\u0113j\u0101di samazinot svaru un padarot &scaron;\u012bs siksnas \u013coti kompaktas. T\u0101m piem\u012bt augsta nodilumiztur\u012bba, k\u0101 ar\u012b 22 kN iztur\u012bba. Garums:120 cm Garums:120 cm Iztur\u012bba:22 kN Materi\u0101ls:Dyneema Platums:8 mm Svars:40 g<\/p>\n","protected":false},"featured_media":0,"template":"","meta":[],"product_brand":[957],"product_cat":[4851,4859,4866],"product_tag":[],"class_list":{"0":"post-77179","1":"product","2":"type-product","3":"status-publish","5":"product_brand-petzl","6":"product_cat-mountaineering-equipment-recreation","7":"product_cat-for-rock-climbing-mountaineering-mountaineering-equipment-recreation","8":"product_cat-slings-and-self-securing-loops-for-rock-climbing-mountaineering-mountaineering-equipment-recreation","10":"first","11":"instock","12":"shipping-taxable","13":"purchasable","14":"product-type-simple"},"_links":{"self":[{"href":"https:\/\/sezona.lv\/en\/wp-json\/wp\/v2\/product\/77179","targetHints":{"allow":["GET"]}}],"collection":[{"href":"https:\/\/sezona.lv\/en\/wp-json\/wp\/v2\/product"}],"about":[{"href":"https:\/\/sezona.lv\/en\/wp-json\/wp\/v2\/types\/product"}],"wp:attachment":[{"href":"https:\/\/sezona.lv\/en\/wp-json\/wp\/v2\/media?parent=77179"}],"wp:term":[{"taxonomy":"product_brand","embeddable":true,"href":"https:\/\/sezona.lv\/en\/wp-json\/wp\/v2\/product_brand?post=77179"},{"taxonomy":"product_cat","embeddable":true,"href":"https:\/\/sezona.lv\/en\/wp-json\/wp\/v2\/product_cat?post=77179"},{"taxonomy":"product_tag","embeddable":true,"href":"https:\/\/sezona.lv\/en\/wp-json\/wp\/v2\/product_tag?post=77179"}],"curies":[{"name":"wp","href":"https:\/\/api.w.org\/{rel}","templated":true}]}}