{"id":77181,"date":"2025-07-14T15:02:28","date_gmt":"2025-07-14T12:02:28","guid":{"rendered":"https:\/\/demo8.ecube.lv\/sezona.lv\/products\/cilpa-edelrid-dyneema-sling-11-mm-71567-balta-zala-60cm\/"},"modified":"2025-07-14T15:02:28","modified_gmt":"2025-07-14T12:02:28","slug":"cilpa-edelrid-dyneema-sling-11-mm-71567-balta-zala-60cm","status":"publish","type":"product","link":"https:\/\/sezona.lv\/en\/products\/cilpa-edelrid-dyneema-sling-11-mm-71567-balta-zala-60cm\/","title":{"rendered":"Cilpa Edelrid Dyneema Sling 11 mm 71567 balta\/za\u013ca 60cm"},"content":{"rendered":"<p><span>\u013boti viegla 11 mm platuma cilpa, kas izgatavota no augstas iztur\u012bbas Dyneema&reg; materi\u0101la. Izcila stiepes iztur\u012bba un minim\u0101ls svars.<\/span><\/p>\n<ul id=\"traits_45147\" class=\"item_traits\">\n<li class=\"odd\"><label>Kr\u0101sa:<\/label>Balta \/ Za\u013ca<\/li>\n<li><label>Izm\u0113rs:<\/label>60 cm<\/li>\n<li class=\"odd\"><label>Garums:<\/label>60 cm<\/li>\n<li><label>Iztur\u012bba:<\/label>22 kN<\/li>\n<li class=\"odd\"><label>Materi\u0101ls:<\/label>Dyneema<\/li>\n<li><label>Platums:<\/label>11 mm<\/li>\n<li class=\"odd\"><label>Svars:<\/label>30 g<\/li>\n<\/ul>\n","protected":false},"excerpt":{"rendered":"<p>\u013boti viegla 11 mm platuma cilpa, kas izgatavota no augstas iztur\u012bbas Dyneema&reg; materi\u0101la. Izcila stiepes iztur\u012bba un minim\u0101ls svars. Kr\u0101sa:Balta \/ Za\u013ca Izm\u0113rs:60 cm Garums:60 cm Iztur\u012bba:22 kN Materi\u0101ls:Dyneema Platums:11 mm Svars:30 g<\/p>\n","protected":false},"featured_media":0,"template":"","meta":[],"product_brand":[3348],"product_cat":[4851,4859,4866],"product_tag":[],"class_list":{"0":"post-77181","1":"product","2":"type-product","3":"status-publish","5":"product_brand-edelrid","6":"product_cat-mountaineering-equipment-recreation","7":"product_cat-for-rock-climbing-mountaineering-mountaineering-equipment-recreation","8":"product_cat-slings-and-self-securing-loops-for-rock-climbing-mountaineering-mountaineering-equipment-recreation","10":"first","11":"instock","12":"shipping-taxable","13":"purchasable","14":"product-type-simple"},"_links":{"self":[{"href":"https:\/\/sezona.lv\/en\/wp-json\/wp\/v2\/product\/77181","targetHints":{"allow":["GET"]}}],"collection":[{"href":"https:\/\/sezona.lv\/en\/wp-json\/wp\/v2\/product"}],"about":[{"href":"https:\/\/sezona.lv\/en\/wp-json\/wp\/v2\/types\/product"}],"wp:attachment":[{"href":"https:\/\/sezona.lv\/en\/wp-json\/wp\/v2\/media?parent=77181"}],"wp:term":[{"taxonomy":"product_brand","embeddable":true,"href":"https:\/\/sezona.lv\/en\/wp-json\/wp\/v2\/product_brand?post=77181"},{"taxonomy":"product_cat","embeddable":true,"href":"https:\/\/sezona.lv\/en\/wp-json\/wp\/v2\/product_cat?post=77181"},{"taxonomy":"product_tag","embeddable":true,"href":"https:\/\/sezona.lv\/en\/wp-json\/wp\/v2\/product_tag?post=77181"}],"curies":[{"name":"wp","href":"https:\/\/api.w.org\/{rel}","templated":true}]}}