{"id":77184,"date":"2025-07-14T15:02:30","date_gmt":"2025-07-14T12:02:30","guid":{"rendered":"https:\/\/demo8.ecube.lv\/sezona.lv\/products\/pasdrosinasanas-usas-millet-no-stress\/"},"modified":"2025-07-14T15:02:30","modified_gmt":"2025-07-14T12:02:30","slug":"pasdrosinasanas-usas-millet-no-stress","status":"publish","type":"product","link":"https:\/\/sezona.lv\/en\/products\/pasdrosinasanas-usas-millet-no-stress\/","title":{"rendered":"Pa\u0161dro\u0161in\u0101\u0161anas \u016bsas Millet No&#8217;Stress"},"content":{"rendered":"<p><span>Slodzi izl\u012bdzino&scaron;a pa&scaron;dro&scaron;in\u0101&scaron;anas \u016bsas.<\/span><\/p>\n","protected":false},"excerpt":{"rendered":"<p>Slodzi izl\u012bdzino&scaron;a pa&scaron;dro&scaron;in\u0101&scaron;anas \u016bsas.<\/p>\n","protected":false},"featured_media":0,"template":"","meta":[],"product_brand":[],"product_cat":[4851,4859,4866],"product_tag":[],"class_list":{"0":"post-77184","1":"product","2":"type-product","3":"status-publish","5":"product_cat-mountaineering-equipment-recreation","6":"product_cat-for-rock-climbing-mountaineering-mountaineering-equipment-recreation","7":"product_cat-slings-and-self-securing-loops-for-rock-climbing-mountaineering-mountaineering-equipment-recreation","9":"first","10":"instock","11":"shipping-taxable","12":"purchasable","13":"product-type-simple"},"_links":{"self":[{"href":"https:\/\/sezona.lv\/en\/wp-json\/wp\/v2\/product\/77184","targetHints":{"allow":["GET"]}}],"collection":[{"href":"https:\/\/sezona.lv\/en\/wp-json\/wp\/v2\/product"}],"about":[{"href":"https:\/\/sezona.lv\/en\/wp-json\/wp\/v2\/types\/product"}],"wp:attachment":[{"href":"https:\/\/sezona.lv\/en\/wp-json\/wp\/v2\/media?parent=77184"}],"wp:term":[{"taxonomy":"product_brand","embeddable":true,"href":"https:\/\/sezona.lv\/en\/wp-json\/wp\/v2\/product_brand?post=77184"},{"taxonomy":"product_cat","embeddable":true,"href":"https:\/\/sezona.lv\/en\/wp-json\/wp\/v2\/product_cat?post=77184"},{"taxonomy":"product_tag","embeddable":true,"href":"https:\/\/sezona.lv\/en\/wp-json\/wp\/v2\/product_tag?post=77184"}],"curies":[{"name":"wp","href":"https:\/\/api.w.org\/{rel}","templated":true}]}}