{"id":77185,"date":"2025-07-14T15:02:31","date_gmt":"2025-07-14T12:02:31","guid":{"rendered":"https:\/\/demo8.ecube.lv\/sezona.lv\/products\/pedas-aukla-petzl-footcord-c48a\/"},"modified":"2025-07-14T15:02:31","modified_gmt":"2025-07-14T12:02:31","slug":"pedas-aukla-petzl-footcord-c48a","status":"publish","type":"product","link":"https:\/\/sezona.lv\/en\/products\/pedas-aukla-petzl-footcord-c48a\/","title":{"rendered":"P\u0113das aukla Petzl Footcord C48A"},"content":{"rendered":"<p><span>Regul\u0113jama p\u0113das atbalsta cilpa. T\u0101 tiek lietota kop\u0101 ar Ascension rokas virves saspied\u0113ju &#8211; \u017eum\u0101ru, kust\u012bbai pa virvi uz aug&scaron;u. Cilpas 100% Dyneema konstrukcija palielina t\u0101s iztur\u012bbu.<\/span><br \/><span>Materi\u0101li: Dyneema, alum\u012bnijs.<\/span><\/p>\n<ul class=\"item_traits\">\n<li><label>Svars:<\/label>60 g<\/li>\n<\/ul>\n","protected":false},"excerpt":{"rendered":"<p>Regul\u0113jama p\u0113das atbalsta cilpa. T\u0101 tiek lietota kop\u0101 ar Ascension rokas virves saspied\u0113ju &#8211; \u017eum\u0101ru, kust\u012bbai pa virvi uz aug&scaron;u. Cilpas 100% Dyneema konstrukcija palielina t\u0101s iztur\u012bbu.Materi\u0101li: Dyneema, alum\u012bnijs. Svars:60 g<\/p>\n","protected":false},"featured_media":0,"template":"","meta":[],"product_brand":[957],"product_cat":[4851,4859,4866],"product_tag":[],"class_list":{"0":"post-77185","1":"product","2":"type-product","3":"status-publish","5":"product_brand-petzl","6":"product_cat-mountaineering-equipment-recreation","7":"product_cat-for-rock-climbing-mountaineering-mountaineering-equipment-recreation","8":"product_cat-slings-and-self-securing-loops-for-rock-climbing-mountaineering-mountaineering-equipment-recreation","10":"first","11":"instock","12":"shipping-taxable","13":"purchasable","14":"product-type-simple"},"_links":{"self":[{"href":"https:\/\/sezona.lv\/en\/wp-json\/wp\/v2\/product\/77185","targetHints":{"allow":["GET"]}}],"collection":[{"href":"https:\/\/sezona.lv\/en\/wp-json\/wp\/v2\/product"}],"about":[{"href":"https:\/\/sezona.lv\/en\/wp-json\/wp\/v2\/types\/product"}],"wp:attachment":[{"href":"https:\/\/sezona.lv\/en\/wp-json\/wp\/v2\/media?parent=77185"}],"wp:term":[{"taxonomy":"product_brand","embeddable":true,"href":"https:\/\/sezona.lv\/en\/wp-json\/wp\/v2\/product_brand?post=77185"},{"taxonomy":"product_cat","embeddable":true,"href":"https:\/\/sezona.lv\/en\/wp-json\/wp\/v2\/product_cat?post=77185"},{"taxonomy":"product_tag","embeddable":true,"href":"https:\/\/sezona.lv\/en\/wp-json\/wp\/v2\/product_tag?post=77185"}],"curies":[{"name":"wp","href":"https:\/\/api.w.org\/{rel}","templated":true}]}}