{"id":77187,"date":"2025-07-14T15:02:33","date_gmt":"2025-07-14T12:02:33","guid":{"rendered":"https:\/\/demo8.ecube.lv\/sezona.lv\/products\/strope-petzl-joko-y-85cm\/"},"modified":"2025-07-14T15:02:33","modified_gmt":"2025-07-14T12:02:33","slug":"strope-petzl-joko-y-85cm","status":"publish","type":"product","link":"https:\/\/sezona.lv\/en\/products\/strope-petzl-joko-y-85cm\/","title":{"rendered":"\u0160trope Petzl Joko Y 85cm"},"content":{"rendered":"<p><span>`Y` formas &scaron;trope, kas piem\u0113rota lieto&scaron;anai piedz\u012bvojumu parkos, lai p\u0101rietu starpposma enkura punktus vai lai veidotu savienojumu starp sist\u0113mu un tr\u012bsi. &Scaron;tropes galos cilpas ar aizsarg\u0101jo&scaron;u plastik\u0101ta apvalku, kas nofiks\u0113 karab\u012bni.<\/span><\/p>\n","protected":false},"excerpt":{"rendered":"<p>`Y` formas &scaron;trope, kas piem\u0113rota lieto&scaron;anai piedz\u012bvojumu parkos, lai p\u0101rietu starpposma enkura punktus vai lai veidotu savienojumu starp sist\u0113mu un tr\u012bsi. &Scaron;tropes galos cilpas ar aizsarg\u0101jo&scaron;u plastik\u0101ta apvalku, kas nofiks\u0113 karab\u012bni.<\/p>\n","protected":false},"featured_media":0,"template":"","meta":[],"product_brand":[957],"product_cat":[4851,4859,4866],"product_tag":[],"class_list":{"0":"post-77187","1":"product","2":"type-product","3":"status-publish","5":"product_brand-petzl","6":"product_cat-mountaineering-equipment-recreation","7":"product_cat-for-rock-climbing-mountaineering-mountaineering-equipment-recreation","8":"product_cat-slings-and-self-securing-loops-for-rock-climbing-mountaineering-mountaineering-equipment-recreation","10":"first","11":"instock","12":"shipping-taxable","13":"purchasable","14":"product-type-simple"},"_links":{"self":[{"href":"https:\/\/sezona.lv\/en\/wp-json\/wp\/v2\/product\/77187","targetHints":{"allow":["GET"]}}],"collection":[{"href":"https:\/\/sezona.lv\/en\/wp-json\/wp\/v2\/product"}],"about":[{"href":"https:\/\/sezona.lv\/en\/wp-json\/wp\/v2\/types\/product"}],"wp:attachment":[{"href":"https:\/\/sezona.lv\/en\/wp-json\/wp\/v2\/media?parent=77187"}],"wp:term":[{"taxonomy":"product_brand","embeddable":true,"href":"https:\/\/sezona.lv\/en\/wp-json\/wp\/v2\/product_brand?post=77187"},{"taxonomy":"product_cat","embeddable":true,"href":"https:\/\/sezona.lv\/en\/wp-json\/wp\/v2\/product_cat?post=77187"},{"taxonomy":"product_tag","embeddable":true,"href":"https:\/\/sezona.lv\/en\/wp-json\/wp\/v2\/product_tag?post=77187"}],"curies":[{"name":"wp","href":"https:\/\/api.w.org\/{rel}","templated":true}]}}