{"id":77188,"date":"2025-07-14T15:02:33","date_gmt":"2025-07-14T12:02:33","guid":{"rendered":"https:\/\/demo8.ecube.lv\/sezona.lv\/products\/absorbers-petzl-scorpio-vertigo-l60ab\/"},"modified":"2025-07-14T15:02:33","modified_gmt":"2025-07-14T12:02:33","slug":"absorbers-petzl-scorpio-vertigo-l60ab","status":"publish","type":"product","link":"https:\/\/sezona.lv\/en\/products\/absorbers-petzl-scorpio-vertigo-l60ab\/","title":{"rendered":"Absorbers Petzl Scorpio Vertigo L60AB"},"content":{"rendered":"<p><span>&Scaron;trope ar atritino&scaron;u ener\u0123ijas absorberi un Vertigo Wire Lock karab\u012bn\u0113m, kas piem\u0113rota Via Ferrata mar&scaron;rutiem. Apr\u012bkota ar div\u0101m ievelkam\u0101m &#8216;rok\u0101m&#8217;, lai izvair\u012btos no trauc\u0113&scaron;anas kust\u012bbu laik\u0101, un atritino&scaron;u ener\u0123ijas absorberi, kas ievietots r\u0101v\u0113jsl\u0113dz\u0113ja aizdares maci\u0146\u0101, t\u0101 pie\u013caujot vieglu ener\u0123ijas absorbera vieglu p\u0101rbaudi. &Scaron;tropei ir ar\u012b tre&scaron;\u0101 &#8216;roka&#8217;, lai atvieglotu &scaron;\u0137\u0113rso&scaron;anu, pie\u013cautu piestiprin\u0101&scaron;anos stie\u0146iem (piem\u0113ram, lai atp\u016bstos), Tirolie&scaron;u nobraucieniem vai progresijai tuvu trosei (j\u0101lieto ar K tipa sl\u0113dzo&scaron;aj\u0101m karab\u012bn\u0113m, nav iek\u013cautas). Sav\u0113rpt\u0101 stiprin\u0101juma cilpa veicina stiprin\u0101&scaron;anos pie sist\u0113mas ar &#8216;girth&#8217; mezglu (girth hitch). Vertigo Wire-Lock karab\u012bnes veicina darb\u012bbas, &scaron;\u0137\u0113rsojot starpposmu enkurus. Via Ferrata &scaron;tropes lieto&scaron;anas padomi atspogu\u013coti uz ener\u0123ijas absorbera maci\u0146a. &Scaron;tropes garums (bez karab\u012bn\u0113m): &#8211; kop\u0113jais: 85 cm; &#8211; &scaron;tropes rokas: 60 cm pagarin\u0101tas (36 cm ievilktas); &#8211; \u012bs\u0101 &#8216;roka&#8217;: 7 cm; &#8211; P\u0113c piln\u012bgas atv\u0113r&scaron;an\u0101s: 210 cm.<\/span><br \/><span>Materi\u0101ls: neilons un poliesteris, t\u0113rauda gredzens, alum\u012bnija karab\u012bnes. Sertifik\u0101cija: CE EN 958; Atbilst jaunaj\u0101m pras\u012bb\u0101m (VG11 2013).<\/span><\/p>\n","protected":false},"excerpt":{"rendered":"<p>&Scaron;trope ar atritino&scaron;u ener\u0123ijas absorberi un Vertigo Wire Lock karab\u012bn\u0113m, kas piem\u0113rota Via Ferrata mar&scaron;rutiem. Apr\u012bkota ar div\u0101m ievelkam\u0101m &#8216;rok\u0101m&#8217;, lai izvair\u012btos no trauc\u0113&scaron;anas kust\u012bbu laik\u0101, un atritino&scaron;u ener\u0123ijas absorberi, kas ievietots r\u0101v\u0113jsl\u0113dz\u0113ja aizdares maci\u0146\u0101, t\u0101 pie\u013caujot vieglu ener\u0123ijas absorbera vieglu p\u0101rbaudi. &Scaron;tropei ir ar\u012b tre&scaron;\u0101 &#8216;roka&#8217;, lai atvieglotu &scaron;\u0137\u0113rso&scaron;anu, pie\u013cautu piestiprin\u0101&scaron;anos stie\u0146iem (piem\u0113ram, lai [&hellip;]<\/p>\n","protected":false},"featured_media":0,"template":"","meta":[],"product_brand":[957],"product_cat":[4851,4875,4879],"product_tag":[],"class_list":{"0":"post-77188","1":"product","2":"type-product","3":"status-publish","5":"product_brand-petzl","6":"product_cat-mountaineering-equipment-recreation","7":"product_cat-for-work-at-height-mountaineering-equipment-recreation","8":"product_cat-energy-absorbers-and-loops-for-work-at-height-mountaineering-equipment-recreation","10":"first","11":"instock","12":"shipping-taxable","13":"purchasable","14":"product-type-simple"},"_links":{"self":[{"href":"https:\/\/sezona.lv\/en\/wp-json\/wp\/v2\/product\/77188","targetHints":{"allow":["GET"]}}],"collection":[{"href":"https:\/\/sezona.lv\/en\/wp-json\/wp\/v2\/product"}],"about":[{"href":"https:\/\/sezona.lv\/en\/wp-json\/wp\/v2\/types\/product"}],"wp:attachment":[{"href":"https:\/\/sezona.lv\/en\/wp-json\/wp\/v2\/media?parent=77188"}],"wp:term":[{"taxonomy":"product_brand","embeddable":true,"href":"https:\/\/sezona.lv\/en\/wp-json\/wp\/v2\/product_brand?post=77188"},{"taxonomy":"product_cat","embeddable":true,"href":"https:\/\/sezona.lv\/en\/wp-json\/wp\/v2\/product_cat?post=77188"},{"taxonomy":"product_tag","embeddable":true,"href":"https:\/\/sezona.lv\/en\/wp-json\/wp\/v2\/product_tag?post=77188"}],"curies":[{"name":"wp","href":"https:\/\/api.w.org\/{rel}","templated":true}]}}