{"id":77189,"date":"2025-07-14T15:02:34","date_gmt":"2025-07-14T12:02:34","guid":{"rendered":"https:\/\/demo8.ecube.lv\/sezona.lv\/products\/absorbers-edelrid-cable-kit-4-2\/"},"modified":"2025-07-14T15:02:34","modified_gmt":"2025-07-14T12:02:34","slug":"absorbers-edelrid-cable-kit-4-2","status":"publish","type":"product","link":"https:\/\/sezona.lv\/en\/products\/absorbers-edelrid-cable-kit-4-2\/","title":{"rendered":"Absorbers Edelrid Cable Kit 4.2"},"content":{"rendered":"<p><label>Vid\u0113jais svars: 0.5 kg<\/label><\/p>\n<p>&nbsp;<\/p>\n<p id=\"item-description\">Klasisks ener\u0123ijas absorbers jaun\u0101 dizain\u0101. Tas nodro&scaron;ina zemus kritien faktorus, pateicoties optimiz\u0113tai ener\u0123ijas absorbera konstrukcijai. Patent\u0113t\u0101s, inovat\u012bv\u0101s OneTouch karab\u012bnes nov\u0113r&scaron; pirkstu iespie&scaron;anu karab\u012bnes atver\u0113, karab\u012b\u0146u \u012bpa&scaron;i plakanais, ar l\u0101zeri form\u0113tais dizains nov\u0113r&scaron; karab\u012bnes sal\u016b&scaron;anu s\u0101nu slodzes situ\u0101cij\u0101s. Elast\u012bgie absorbera gali pie\u013cauj karab\u012b\u0146u paroc\u012bgu poz\u012bciju. Absorbers atbilst EN 958 standartiem, pat situ\u0101cij\u0101s, kad, piem\u0113ram, k\u013c\u016bdas d\u0113\u013c viens karab\u012bnes gals tiek pievienots pie sist\u0113mas. Atbilst pa&scaron;reiz\u0113j\u0101m sp\u0113k\u0101 eso&scaron;aj\u0101m German Alpine Club (DAV)dro&scaron;\u012bbas komisijas pras\u012bb\u0101m (August 2012) par elast\u012bg\u0101m Via Ferrata sist\u0113m\u0101m. Svara kategorija: 50-100 kg.<\/p>\n","protected":false},"excerpt":{"rendered":"<p>Vid\u0113jais svars: 0.5 kg &nbsp; Klasisks ener\u0123ijas absorbers jaun\u0101 dizain\u0101. Tas nodro&scaron;ina zemus kritien faktorus, pateicoties optimiz\u0113tai ener\u0123ijas absorbera konstrukcijai. Patent\u0113t\u0101s, inovat\u012bv\u0101s OneTouch karab\u012bnes nov\u0113r&scaron; pirkstu iespie&scaron;anu karab\u012bnes atver\u0113, karab\u012b\u0146u \u012bpa&scaron;i plakanais, ar l\u0101zeri form\u0113tais dizains nov\u0113r&scaron; karab\u012bnes sal\u016b&scaron;anu s\u0101nu slodzes situ\u0101cij\u0101s. Elast\u012bgie absorbera gali pie\u013cauj karab\u012b\u0146u paroc\u012bgu poz\u012bciju. Absorbers atbilst EN 958 standartiem, pat [&hellip;]<\/p>\n","protected":false},"featured_media":0,"template":"","meta":[],"product_brand":[3348],"product_cat":[4851,4875,4879],"product_tag":[],"class_list":{"0":"post-77189","1":"product","2":"type-product","3":"status-publish","5":"product_brand-edelrid","6":"product_cat-mountaineering-equipment-recreation","7":"product_cat-for-work-at-height-mountaineering-equipment-recreation","8":"product_cat-energy-absorbers-and-loops-for-work-at-height-mountaineering-equipment-recreation","10":"first","11":"instock","12":"shipping-taxable","13":"purchasable","14":"product-type-simple"},"_links":{"self":[{"href":"https:\/\/sezona.lv\/en\/wp-json\/wp\/v2\/product\/77189","targetHints":{"allow":["GET"]}}],"collection":[{"href":"https:\/\/sezona.lv\/en\/wp-json\/wp\/v2\/product"}],"about":[{"href":"https:\/\/sezona.lv\/en\/wp-json\/wp\/v2\/types\/product"}],"wp:attachment":[{"href":"https:\/\/sezona.lv\/en\/wp-json\/wp\/v2\/media?parent=77189"}],"wp:term":[{"taxonomy":"product_brand","embeddable":true,"href":"https:\/\/sezona.lv\/en\/wp-json\/wp\/v2\/product_brand?post=77189"},{"taxonomy":"product_cat","embeddable":true,"href":"https:\/\/sezona.lv\/en\/wp-json\/wp\/v2\/product_cat?post=77189"},{"taxonomy":"product_tag","embeddable":true,"href":"https:\/\/sezona.lv\/en\/wp-json\/wp\/v2\/product_tag?post=77189"}],"curies":[{"name":"wp","href":"https:\/\/api.w.org\/{rel}","templated":true}]}}