{"id":77199,"date":"2025-07-14T15:02:43","date_gmt":"2025-07-14T12:02:43","guid":{"rendered":"https:\/\/demo8.ecube.lv\/sezona.lv\/products\/klinsu-ieliknis-black-diamond-stopper-dzeltena-8\/"},"modified":"2025-07-14T15:02:43","modified_gmt":"2025-07-14T12:02:43","slug":"klinsu-ieliknis-black-diamond-stopper-dzeltena-8","status":"publish","type":"product","link":"https:\/\/sezona.lv\/en\/products\/klinsu-ieliknis-black-diamond-stopper-dzeltena-8\/","title":{"rendered":"Klin\u0161u ieliknis Black Diamond Stopper dzeltena 8"},"content":{"rendered":"<p><span>Asimetriskas formas klin&scaron;u ielikt\u0146i. To forma pie\u013cauj \u0113rtu ievieto&scaron;anu sekl\u0101s &scaron;uv\u0113s, sa&scaron;aurin\u0101jumos un paral\u0113l\u0101s plais\u0101s, noapa\u013cot\u0101s malas pie\u013cauj viegl\u0101ku to iz\u0146em&scaron;anu. Ielikt\u0146u galvas izgatavotas no iztur\u012bga alum\u012bnija, apr\u012bkoti ar iztur\u012bgu cinkota t\u0113rauda stiepli.&nbsp;<\/span><br \/><span>*Izm\u0113ri 1 un 2 piem\u0113roti tikai &#8216;tie&scaron;ajam atbalstam&#8217; (direct aid).<\/span><\/p>\n<ul id=\"traits_8362\" class=\"item_traits\">\n<li class=\"odd\"><label>Kr\u0101sa:<\/label>Dzeltena<\/li>\n<li><label>Izm\u0113rs:<\/label>8<\/li>\n<li class=\"odd\"><label>Izm\u0113rs:<\/label>8<\/li>\n<li><label>Iztur\u012bba:<\/label>10 kN<\/li>\n<li class=\"odd\"><label>Svars:<\/label>40 g<\/li>\n<\/ul>\n","protected":false},"excerpt":{"rendered":"<p>Asimetriskas formas klin&scaron;u ielikt\u0146i. To forma pie\u013cauj \u0113rtu ievieto&scaron;anu sekl\u0101s &scaron;uv\u0113s, sa&scaron;aurin\u0101jumos un paral\u0113l\u0101s plais\u0101s, noapa\u013cot\u0101s malas pie\u013cauj viegl\u0101ku to iz\u0146em&scaron;anu. Ielikt\u0146u galvas izgatavotas no iztur\u012bga alum\u012bnija, apr\u012bkoti ar iztur\u012bgu cinkota t\u0113rauda stiepli.&nbsp;*Izm\u0113ri 1 un 2 piem\u0113roti tikai &#8216;tie&scaron;ajam atbalstam&#8217; (direct aid). Kr\u0101sa:Dzeltena Izm\u0113rs:8 Izm\u0113rs:8 Iztur\u012bba:10 kN Svars:40 g<\/p>\n","protected":false},"featured_media":0,"template":"","meta":[],"product_brand":[946],"product_cat":[4851,4859,4872],"product_tag":[],"class_list":{"0":"post-77199","1":"product","2":"type-product","3":"status-publish","5":"product_brand-black-diamond","6":"product_cat-mountaineering-equipment-recreation","7":"product_cat-for-rock-climbing-mountaineering-mountaineering-equipment-recreation","8":"product_cat-friends-and-belays-for-rock-climbing-mountaineering-mountaineering-equipment-recreation","10":"first","11":"instock","12":"shipping-taxable","13":"purchasable","14":"product-type-simple"},"_links":{"self":[{"href":"https:\/\/sezona.lv\/en\/wp-json\/wp\/v2\/product\/77199","targetHints":{"allow":["GET"]}}],"collection":[{"href":"https:\/\/sezona.lv\/en\/wp-json\/wp\/v2\/product"}],"about":[{"href":"https:\/\/sezona.lv\/en\/wp-json\/wp\/v2\/types\/product"}],"wp:attachment":[{"href":"https:\/\/sezona.lv\/en\/wp-json\/wp\/v2\/media?parent=77199"}],"wp:term":[{"taxonomy":"product_brand","embeddable":true,"href":"https:\/\/sezona.lv\/en\/wp-json\/wp\/v2\/product_brand?post=77199"},{"taxonomy":"product_cat","embeddable":true,"href":"https:\/\/sezona.lv\/en\/wp-json\/wp\/v2\/product_cat?post=77199"},{"taxonomy":"product_tag","embeddable":true,"href":"https:\/\/sezona.lv\/en\/wp-json\/wp\/v2\/product_tag?post=77199"}],"curies":[{"name":"wp","href":"https:\/\/api.w.org\/{rel}","templated":true}]}}