{"id":77202,"date":"2025-07-14T15:02:45","date_gmt":"2025-07-14T12:02:45","guid":{"rendered":"https:\/\/demo8.ecube.lv\/sezona.lv\/products\/klinsu-ieliknis-black-diamond-stopper-violeta-11\/"},"modified":"2025-07-14T15:02:45","modified_gmt":"2025-07-14T12:02:45","slug":"klinsu-ieliknis-black-diamond-stopper-violeta-11","status":"publish","type":"product","link":"https:\/\/sezona.lv\/en\/products\/klinsu-ieliknis-black-diamond-stopper-violeta-11\/","title":{"rendered":"Klin\u0161u ieliknis Black Diamond Stopper violeta 11"},"content":{"rendered":"<p><span>Asimetriskas formas klin&scaron;u ielikt\u0146i. To forma pie\u013cauj \u0113rtu ievieto&scaron;anu sekl\u0101s &scaron;uv\u0113s, sa&scaron;aurin\u0101jumos un paral\u0113l\u0101s plais\u0101s, noapa\u013cot\u0101s malas pie\u013cauj viegl\u0101ku to iz\u0146em&scaron;anu. Ielikt\u0146u galvas izgatavotas no iztur\u012bga alum\u012bnija, apr\u012bkoti ar iztur\u012bgu cinkota t\u0113rauda stiepli.&nbsp;<\/span><br \/><span>*Izm\u0113ri 1 un 2 piem\u0113roti tikai &#8216;tie&scaron;ajam atbalstam&#8217; (direct aid).<\/span><\/p>\n<ul id=\"traits_8365\" class=\"item_traits\">\n<li class=\"odd\"><label>Kr\u0101sa:<\/label>Violeta<\/li>\n<li><label>Izm\u0113rs:<\/label>11<\/li>\n<li class=\"odd\"><label>Izm\u0113rs:<\/label>11<\/li>\n<li><label>Iztur\u012bba:<\/label>10 kN<\/li>\n<li class=\"odd\"><label>Svars:<\/label>50 g<\/li>\n<\/ul>\n","protected":false},"excerpt":{"rendered":"<p>Asimetriskas formas klin&scaron;u ielikt\u0146i. To forma pie\u013cauj \u0113rtu ievieto&scaron;anu sekl\u0101s &scaron;uv\u0113s, sa&scaron;aurin\u0101jumos un paral\u0113l\u0101s plais\u0101s, noapa\u013cot\u0101s malas pie\u013cauj viegl\u0101ku to iz\u0146em&scaron;anu. Ielikt\u0146u galvas izgatavotas no iztur\u012bga alum\u012bnija, apr\u012bkoti ar iztur\u012bgu cinkota t\u0113rauda stiepli.&nbsp;*Izm\u0113ri 1 un 2 piem\u0113roti tikai &#8216;tie&scaron;ajam atbalstam&#8217; (direct aid). Kr\u0101sa:Violeta Izm\u0113rs:11 Izm\u0113rs:11 Iztur\u012bba:10 kN Svars:50 g<\/p>\n","protected":false},"featured_media":0,"template":"","meta":[],"product_brand":[946],"product_cat":[4851,4859,4872],"product_tag":[],"class_list":{"0":"post-77202","1":"product","2":"type-product","3":"status-publish","5":"product_brand-black-diamond","6":"product_cat-mountaineering-equipment-recreation","7":"product_cat-for-rock-climbing-mountaineering-mountaineering-equipment-recreation","8":"product_cat-friends-and-belays-for-rock-climbing-mountaineering-mountaineering-equipment-recreation","10":"first","11":"instock","12":"shipping-taxable","13":"purchasable","14":"product-type-simple"},"_links":{"self":[{"href":"https:\/\/sezona.lv\/en\/wp-json\/wp\/v2\/product\/77202","targetHints":{"allow":["GET"]}}],"collection":[{"href":"https:\/\/sezona.lv\/en\/wp-json\/wp\/v2\/product"}],"about":[{"href":"https:\/\/sezona.lv\/en\/wp-json\/wp\/v2\/types\/product"}],"wp:attachment":[{"href":"https:\/\/sezona.lv\/en\/wp-json\/wp\/v2\/media?parent=77202"}],"wp:term":[{"taxonomy":"product_brand","embeddable":true,"href":"https:\/\/sezona.lv\/en\/wp-json\/wp\/v2\/product_brand?post=77202"},{"taxonomy":"product_cat","embeddable":true,"href":"https:\/\/sezona.lv\/en\/wp-json\/wp\/v2\/product_cat?post=77202"},{"taxonomy":"product_tag","embeddable":true,"href":"https:\/\/sezona.lv\/en\/wp-json\/wp\/v2\/product_tag?post=77202"}],"curies":[{"name":"wp","href":"https:\/\/api.w.org\/{rel}","templated":true}]}}