{"id":77204,"date":"2025-07-14T15:02:47","date_gmt":"2025-07-14T12:02:47","guid":{"rendered":"https:\/\/demo8.ecube.lv\/sezona.lv\/products\/akis-singing-rock-sentinel\/"},"modified":"2025-07-14T15:02:47","modified_gmt":"2025-07-14T12:02:47","slug":"akis-singing-rock-sentinel","status":"publish","type":"product","link":"https:\/\/sezona.lv\/en\/products\/akis-singing-rock-sentinel\/","title":{"rendered":"\u0100\u0137is Singing Rock Sentinel"},"content":{"rendered":"<p><label>Svars: 0.04 kg<\/label><\/p>\n<p id=\"item-description\">\u0100\u0137is, kas paredz\u0113ts lieto&scaron;anai trausl\u0101s &scaron;\u0137autn\u0113s un urbtos caurumos. Svar\u012bga ekip\u0113juma sast\u0101vda\u013ca atbalsta k\u0101p&scaron;an\u0101 (aid climbing) vai jaunai mar&scaron;ruta izk\u0101p&scaron;anai pirmo reizi. 8 cm \u0101\u0137is + 10 cm &scaron;\u016bta cilpa (platums 16 mm).<br \/>Materi\u0101ls: Cr-Mo t\u0113rauds, poliam\u012bds.<\/p>\n","protected":false},"excerpt":{"rendered":"<p>Svars: 0.04 kg \u0100\u0137is, kas paredz\u0113ts lieto&scaron;anai trausl\u0101s &scaron;\u0137autn\u0113s un urbtos caurumos. Svar\u012bga ekip\u0113juma sast\u0101vda\u013ca atbalsta k\u0101p&scaron;an\u0101 (aid climbing) vai jaunai mar&scaron;ruta izk\u0101p&scaron;anai pirmo reizi. 8 cm \u0101\u0137is + 10 cm &scaron;\u016bta cilpa (platums 16 mm).Materi\u0101ls: Cr-Mo t\u0113rauds, poliam\u012bds.<\/p>\n","protected":false},"featured_media":0,"template":"","meta":[],"product_brand":[3350],"product_cat":[4851,4859,4872],"product_tag":[],"class_list":{"0":"post-77204","1":"product","2":"type-product","3":"status-publish","5":"product_brand-singing-rock","6":"product_cat-mountaineering-equipment-recreation","7":"product_cat-for-rock-climbing-mountaineering-mountaineering-equipment-recreation","8":"product_cat-friends-and-belays-for-rock-climbing-mountaineering-mountaineering-equipment-recreation","10":"first","11":"instock","12":"shipping-taxable","13":"purchasable","14":"product-type-simple"},"_links":{"self":[{"href":"https:\/\/sezona.lv\/en\/wp-json\/wp\/v2\/product\/77204","targetHints":{"allow":["GET"]}}],"collection":[{"href":"https:\/\/sezona.lv\/en\/wp-json\/wp\/v2\/product"}],"about":[{"href":"https:\/\/sezona.lv\/en\/wp-json\/wp\/v2\/types\/product"}],"wp:attachment":[{"href":"https:\/\/sezona.lv\/en\/wp-json\/wp\/v2\/media?parent=77204"}],"wp:term":[{"taxonomy":"product_brand","embeddable":true,"href":"https:\/\/sezona.lv\/en\/wp-json\/wp\/v2\/product_brand?post=77204"},{"taxonomy":"product_cat","embeddable":true,"href":"https:\/\/sezona.lv\/en\/wp-json\/wp\/v2\/product_cat?post=77204"},{"taxonomy":"product_tag","embeddable":true,"href":"https:\/\/sezona.lv\/en\/wp-json\/wp\/v2\/product_tag?post=77204"}],"curies":[{"name":"wp","href":"https:\/\/api.w.org\/{rel}","templated":true}]}}