{"id":77206,"date":"2025-07-14T15:02:49","date_gmt":"2025-07-14T12:02:49","guid":{"rendered":"https:\/\/demo8.ecube.lv\/sezona.lv\/products\/klinsu-ieliknis-black-diamond-hex-5\/"},"modified":"2025-07-14T15:02:49","modified_gmt":"2025-07-14T12:02:49","slug":"klinsu-ieliknis-black-diamond-hex-5","status":"publish","type":"product","link":"https:\/\/sezona.lv\/en\/products\/klinsu-ieliknis-black-diamond-hex-5\/","title":{"rendered":"Klin\u0161u ieliknis Black Diamond Hex 5"},"content":{"rendered":"<p><span>Viegls, asimetrisks, multi-funkcion\u0101ls, se&scaron;t\u016brveida klin&scaron;u ieliktnis ar met\u0101la stiepli.<\/span><\/p>\n<ul id=\"traits_8344\" class=\"item_traits\">\n<li class=\"odd\"><label>Izm\u0113rs:<\/label>5<\/li>\n<li><label>Izm\u0113rs:<\/label>5<\/li>\n<li class=\"odd\"><label>Iztur\u012bba:<\/label>10 kN<\/li>\n<li><label>Svars:<\/label>50 g<\/li>\n<\/ul>\n","protected":false},"excerpt":{"rendered":"<p>Viegls, asimetrisks, multi-funkcion\u0101ls, se&scaron;t\u016brveida klin&scaron;u ieliktnis ar met\u0101la stiepli. Izm\u0113rs:5 Izm\u0113rs:5 Iztur\u012bba:10 kN Svars:50 g<\/p>\n","protected":false},"featured_media":0,"template":"","meta":[],"product_brand":[946],"product_cat":[4851,4859,4872],"product_tag":[],"class_list":{"0":"post-77206","1":"product","2":"type-product","3":"status-publish","5":"product_brand-black-diamond","6":"product_cat-mountaineering-equipment-recreation","7":"product_cat-for-rock-climbing-mountaineering-mountaineering-equipment-recreation","8":"product_cat-friends-and-belays-for-rock-climbing-mountaineering-mountaineering-equipment-recreation","10":"first","11":"instock","12":"shipping-taxable","13":"purchasable","14":"product-type-simple"},"_links":{"self":[{"href":"https:\/\/sezona.lv\/en\/wp-json\/wp\/v2\/product\/77206","targetHints":{"allow":["GET"]}}],"collection":[{"href":"https:\/\/sezona.lv\/en\/wp-json\/wp\/v2\/product"}],"about":[{"href":"https:\/\/sezona.lv\/en\/wp-json\/wp\/v2\/types\/product"}],"wp:attachment":[{"href":"https:\/\/sezona.lv\/en\/wp-json\/wp\/v2\/media?parent=77206"}],"wp:term":[{"taxonomy":"product_brand","embeddable":true,"href":"https:\/\/sezona.lv\/en\/wp-json\/wp\/v2\/product_brand?post=77206"},{"taxonomy":"product_cat","embeddable":true,"href":"https:\/\/sezona.lv\/en\/wp-json\/wp\/v2\/product_cat?post=77206"},{"taxonomy":"product_tag","embeddable":true,"href":"https:\/\/sezona.lv\/en\/wp-json\/wp\/v2\/product_tag?post=77206"}],"curies":[{"name":"wp","href":"https:\/\/api.w.org\/{rel}","templated":true}]}}