{"id":77213,"date":"2025-07-14T15:02:54","date_gmt":"2025-07-14T12:02:54","guid":{"rendered":"https:\/\/demo8.ecube.lv\/sezona.lv\/products\/akis-petzl-reglette-sky-hook\/"},"modified":"2025-07-14T15:02:54","modified_gmt":"2025-07-14T12:02:54","slug":"akis-petzl-reglette-sky-hook","status":"publish","type":"product","link":"https:\/\/sezona.lv\/en\/products\/akis-petzl-reglette-sky-hook\/","title":{"rendered":"\u0100\u0137is Petzl Reglette Sky Hook"},"content":{"rendered":"<p><label>Svars: 0.04 kg<\/label><\/p>\n<p id=\"item-description\">Maza r\u0101diusa atbalsta k\u0101p&scaron;anas \u0101\u0137is, kas paredz\u0113ts progresijai vai pozicion\u0113&scaron;an\u0101s procesam. Piem\u0113rots ie\u0101\u0137\u0113&scaron;anai maz\u0101s plais\u0101s un mal\u0101s vai urbtos caurumos. Mazs r\u0101diuss un kontakta punkts.&nbsp;<br \/>Materi\u0101li: T\u0113rauda \u0101\u0137is, neilona un Dyneema&reg; cilpa.<\/p>\n","protected":false},"excerpt":{"rendered":"<p>Svars: 0.04 kg Maza r\u0101diusa atbalsta k\u0101p&scaron;anas \u0101\u0137is, kas paredz\u0113ts progresijai vai pozicion\u0113&scaron;an\u0101s procesam. Piem\u0113rots ie\u0101\u0137\u0113&scaron;anai maz\u0101s plais\u0101s un mal\u0101s vai urbtos caurumos. Mazs r\u0101diuss un kontakta punkts.&nbsp;Materi\u0101li: T\u0113rauda \u0101\u0137is, neilona un Dyneema&reg; cilpa.<\/p>\n","protected":false},"featured_media":0,"template":"","meta":[],"product_brand":[957],"product_cat":[4851,4859,4872],"product_tag":[],"class_list":{"0":"post-77213","1":"product","2":"type-product","3":"status-publish","5":"product_brand-petzl","6":"product_cat-mountaineering-equipment-recreation","7":"product_cat-for-rock-climbing-mountaineering-mountaineering-equipment-recreation","8":"product_cat-friends-and-belays-for-rock-climbing-mountaineering-mountaineering-equipment-recreation","10":"first","11":"instock","12":"shipping-taxable","13":"purchasable","14":"product-type-simple"},"_links":{"self":[{"href":"https:\/\/sezona.lv\/en\/wp-json\/wp\/v2\/product\/77213","targetHints":{"allow":["GET"]}}],"collection":[{"href":"https:\/\/sezona.lv\/en\/wp-json\/wp\/v2\/product"}],"about":[{"href":"https:\/\/sezona.lv\/en\/wp-json\/wp\/v2\/types\/product"}],"wp:attachment":[{"href":"https:\/\/sezona.lv\/en\/wp-json\/wp\/v2\/media?parent=77213"}],"wp:term":[{"taxonomy":"product_brand","embeddable":true,"href":"https:\/\/sezona.lv\/en\/wp-json\/wp\/v2\/product_brand?post=77213"},{"taxonomy":"product_cat","embeddable":true,"href":"https:\/\/sezona.lv\/en\/wp-json\/wp\/v2\/product_cat?post=77213"},{"taxonomy":"product_tag","embeddable":true,"href":"https:\/\/sezona.lv\/en\/wp-json\/wp\/v2\/product_tag?post=77213"}],"curies":[{"name":"wp","href":"https:\/\/api.w.org\/{rel}","templated":true}]}}