{"id":77214,"date":"2025-07-14T15:02:55","date_gmt":"2025-07-14T12:02:55","guid":{"rendered":"https:\/\/demo8.ecube.lv\/sezona.lv\/products\/klinsu-ieliknis-black-diamond-hex-10-2\/"},"modified":"2025-07-14T15:02:55","modified_gmt":"2025-07-14T12:02:55","slug":"klinsu-ieliknis-black-diamond-hex-10-2","status":"publish","type":"product","link":"https:\/\/sezona.lv\/en\/products\/klinsu-ieliknis-black-diamond-hex-10-2\/","title":{"rendered":"Klin\u0161u ieliknis Black Diamond Hex 10"},"content":{"rendered":"<p id=\"item-description\">Viegls, asimetrisks, multi-funkcion\u0101ls, se&scaron;t\u016brveida klin&scaron;u ieliktnis ar cinkotu met\u0101la stiepli. Ar smalkiem, asimetriskiem &scaron;\u0137\u0113rsgriezumiem, plakan\u0101m s\u0101nu mal\u0101m un nelielu konusa formu, tas pied\u0101v\u0101 tr\u012bs da\u017e\u0101dus platumus un padara t\u0101 ievieto&scaron;anu klin&scaron;u spraug\u0101 vieglu un dro&scaron;u.<\/p>\n<ul class=\"item_traits\">\n<li class=\"odd\"><label>Izm\u0113rs:<\/label>10<\/li>\n<li><label>Izm\u0113rs A:<\/label>55.6\/75.2 mm<\/li>\n<li class=\"odd\"><label>Iztur\u012bba A:<\/label>10 kN<\/li>\n<li><label>Svars:<\/label>160 g<\/li>\n<\/ul>\n","protected":false},"excerpt":{"rendered":"<p>Viegls, asimetrisks, multi-funkcion\u0101ls, se&scaron;t\u016brveida klin&scaron;u ieliktnis ar cinkotu met\u0101la stiepli. Ar smalkiem, asimetriskiem &scaron;\u0137\u0113rsgriezumiem, plakan\u0101m s\u0101nu mal\u0101m un nelielu konusa formu, tas pied\u0101v\u0101 tr\u012bs da\u017e\u0101dus platumus un padara t\u0101 ievieto&scaron;anu klin&scaron;u spraug\u0101 vieglu un dro&scaron;u. Izm\u0113rs:10 Izm\u0113rs A:55.6\/75.2 mm Iztur\u012bba A:10 kN Svars:160 g<\/p>\n","protected":false},"featured_media":0,"template":"","meta":[],"product_brand":[946],"product_cat":[4851,4859,4872],"product_tag":[],"class_list":{"0":"post-77214","1":"product","2":"type-product","3":"status-publish","5":"product_brand-black-diamond","6":"product_cat-mountaineering-equipment-recreation","7":"product_cat-for-rock-climbing-mountaineering-mountaineering-equipment-recreation","8":"product_cat-friends-and-belays-for-rock-climbing-mountaineering-mountaineering-equipment-recreation","10":"first","11":"instock","12":"shipping-taxable","13":"purchasable","14":"product-type-simple"},"_links":{"self":[{"href":"https:\/\/sezona.lv\/en\/wp-json\/wp\/v2\/product\/77214","targetHints":{"allow":["GET"]}}],"collection":[{"href":"https:\/\/sezona.lv\/en\/wp-json\/wp\/v2\/product"}],"about":[{"href":"https:\/\/sezona.lv\/en\/wp-json\/wp\/v2\/types\/product"}],"wp:attachment":[{"href":"https:\/\/sezona.lv\/en\/wp-json\/wp\/v2\/media?parent=77214"}],"wp:term":[{"taxonomy":"product_brand","embeddable":true,"href":"https:\/\/sezona.lv\/en\/wp-json\/wp\/v2\/product_brand?post=77214"},{"taxonomy":"product_cat","embeddable":true,"href":"https:\/\/sezona.lv\/en\/wp-json\/wp\/v2\/product_cat?post=77214"},{"taxonomy":"product_tag","embeddable":true,"href":"https:\/\/sezona.lv\/en\/wp-json\/wp\/v2\/product_tag?post=77214"}],"curies":[{"name":"wp","href":"https:\/\/api.w.org\/{rel}","templated":true}]}}