{"id":77217,"date":"2025-07-14T15:02:58","date_gmt":"2025-07-14T12:02:58","guid":{"rendered":"https:\/\/demo8.ecube.lv\/sezona.lv\/products\/klinsu-ieliktnis-black-diamond-camalot-c4-zala-0-75\/"},"modified":"2025-07-14T15:02:58","modified_gmt":"2025-07-14T12:02:58","slug":"klinsu-ieliktnis-black-diamond-camalot-c4-zala-0-75","status":"publish","type":"product","link":"https:\/\/sezona.lv\/en\/products\/klinsu-ieliktnis-black-diamond-camalot-c4-zala-0-75\/","title":{"rendered":"Klin\u0161u ieliktnis Black Diamond Camalot C4 za\u013ca 0.75"},"content":{"rendered":"<p><span>Camalot meh\u0101niskie klin&scaron;u ielikt\u0146i (jeb t.s. frendi) jau k\u013cuvu&scaron;i par standartu sav\u0101 jom\u0101. 2 asis \u013cauj aptvert liel\u0101ku plaisu diapazonu. Izm\u0113rus viegli at&scaron;\u0137irt p\u0113c kr\u0101s\u0101m.<\/span><\/p>\n<ul id=\"traits_8280\" class=\"item_traits\">\n<li class=\"odd\"><label>Kr\u0101sa:<\/label>Za\u013ca<\/li>\n<li><label>Izm\u0113rs:<\/label>0.75<\/li>\n<li class=\"odd\"><label>Izm\u0113rs:<\/label>0.75<\/li>\n<li><label>Iztur\u012bba:<\/label>14 kN<\/li>\n<li class=\"odd\"><label>Platums A:<\/label>23.9 &#8211; 41.2 mm<\/li>\n<li><label>Svars:<\/label>120 g<\/li>\n<\/ul>\n","protected":false},"excerpt":{"rendered":"<p>Camalot meh\u0101niskie klin&scaron;u ielikt\u0146i (jeb t.s. frendi) jau k\u013cuvu&scaron;i par standartu sav\u0101 jom\u0101. 2 asis \u013cauj aptvert liel\u0101ku plaisu diapazonu. Izm\u0113rus viegli at&scaron;\u0137irt p\u0113c kr\u0101s\u0101m. Kr\u0101sa:Za\u013ca Izm\u0113rs:0.75 Izm\u0113rs:0.75 Iztur\u012bba:14 kN Platums A:23.9 &#8211; 41.2 mm Svars:120 g<\/p>\n","protected":false},"featured_media":0,"template":"","meta":[],"product_brand":[946],"product_cat":[4851,4859,4872],"product_tag":[],"class_list":{"0":"post-77217","1":"product","2":"type-product","3":"status-publish","5":"product_brand-black-diamond","6":"product_cat-mountaineering-equipment-recreation","7":"product_cat-for-rock-climbing-mountaineering-mountaineering-equipment-recreation","8":"product_cat-friends-and-belays-for-rock-climbing-mountaineering-mountaineering-equipment-recreation","10":"first","11":"instock","12":"shipping-taxable","13":"purchasable","14":"product-type-simple"},"_links":{"self":[{"href":"https:\/\/sezona.lv\/en\/wp-json\/wp\/v2\/product\/77217","targetHints":{"allow":["GET"]}}],"collection":[{"href":"https:\/\/sezona.lv\/en\/wp-json\/wp\/v2\/product"}],"about":[{"href":"https:\/\/sezona.lv\/en\/wp-json\/wp\/v2\/types\/product"}],"wp:attachment":[{"href":"https:\/\/sezona.lv\/en\/wp-json\/wp\/v2\/media?parent=77217"}],"wp:term":[{"taxonomy":"product_brand","embeddable":true,"href":"https:\/\/sezona.lv\/en\/wp-json\/wp\/v2\/product_brand?post=77217"},{"taxonomy":"product_cat","embeddable":true,"href":"https:\/\/sezona.lv\/en\/wp-json\/wp\/v2\/product_cat?post=77217"},{"taxonomy":"product_tag","embeddable":true,"href":"https:\/\/sezona.lv\/en\/wp-json\/wp\/v2\/product_tag?post=77217"}],"curies":[{"name":"wp","href":"https:\/\/api.w.org\/{rel}","templated":true}]}}