{"id":77218,"date":"2025-07-14T15:02:58","date_gmt":"2025-07-14T12:02:58","guid":{"rendered":"https:\/\/demo8.ecube.lv\/sezona.lv\/products\/klinsu-ieliktnis-black-diamond-camalot-c4-sarkana-1\/"},"modified":"2025-07-14T15:02:58","modified_gmt":"2025-07-14T12:02:58","slug":"klinsu-ieliktnis-black-diamond-camalot-c4-sarkana-1","status":"publish","type":"product","link":"https:\/\/sezona.lv\/en\/products\/klinsu-ieliktnis-black-diamond-camalot-c4-sarkana-1\/","title":{"rendered":"Klin\u0161u ieliktnis Black Diamond Camalot C4 sarkana 1"},"content":{"rendered":"<p><span>Camalot meh\u0101niskie klin&scaron;u ielikt\u0146i (jeb t.s. frendi) jau k\u013cuvu&scaron;i par standartu sav\u0101 jom\u0101. 2 asis \u013cauj aptvert liel\u0101ku plaisu diapazonu. Izm\u0113rus viegli at&scaron;\u0137irt p\u0113c kr\u0101s\u0101m.<\/span><\/p>\n<ul id=\"traits_8281\" class=\"item_traits\">\n<li class=\"odd\"><label>Kr\u0101sa:<\/label>Sarkana<\/li>\n<li><label>Izm\u0113rs:<\/label>1<\/li>\n<li class=\"odd\"><label>Izm\u0113rs:<\/label>1<\/li>\n<li><label>Iztur\u012bba:<\/label>14 kN<\/li>\n<li class=\"odd\"><label>Platums A:<\/label>30.2 &#8211; 52.1 mm<\/li>\n<li><label>Svars:<\/label>140 g<\/li>\n<\/ul>\n","protected":false},"excerpt":{"rendered":"<p>Camalot meh\u0101niskie klin&scaron;u ielikt\u0146i (jeb t.s. frendi) jau k\u013cuvu&scaron;i par standartu sav\u0101 jom\u0101. 2 asis \u013cauj aptvert liel\u0101ku plaisu diapazonu. Izm\u0113rus viegli at&scaron;\u0137irt p\u0113c kr\u0101s\u0101m. Kr\u0101sa:Sarkana Izm\u0113rs:1 Izm\u0113rs:1 Iztur\u012bba:14 kN Platums A:30.2 &#8211; 52.1 mm Svars:140 g<\/p>\n","protected":false},"featured_media":0,"template":"","meta":[],"product_brand":[946],"product_cat":[4851,4859,4872],"product_tag":[],"class_list":{"0":"post-77218","1":"product","2":"type-product","3":"status-publish","5":"product_brand-black-diamond","6":"product_cat-mountaineering-equipment-recreation","7":"product_cat-for-rock-climbing-mountaineering-mountaineering-equipment-recreation","8":"product_cat-friends-and-belays-for-rock-climbing-mountaineering-mountaineering-equipment-recreation","10":"first","11":"instock","12":"shipping-taxable","13":"purchasable","14":"product-type-simple"},"_links":{"self":[{"href":"https:\/\/sezona.lv\/en\/wp-json\/wp\/v2\/product\/77218","targetHints":{"allow":["GET"]}}],"collection":[{"href":"https:\/\/sezona.lv\/en\/wp-json\/wp\/v2\/product"}],"about":[{"href":"https:\/\/sezona.lv\/en\/wp-json\/wp\/v2\/types\/product"}],"wp:attachment":[{"href":"https:\/\/sezona.lv\/en\/wp-json\/wp\/v2\/media?parent=77218"}],"wp:term":[{"taxonomy":"product_brand","embeddable":true,"href":"https:\/\/sezona.lv\/en\/wp-json\/wp\/v2\/product_brand?post=77218"},{"taxonomy":"product_cat","embeddable":true,"href":"https:\/\/sezona.lv\/en\/wp-json\/wp\/v2\/product_cat?post=77218"},{"taxonomy":"product_tag","embeddable":true,"href":"https:\/\/sezona.lv\/en\/wp-json\/wp\/v2\/product_tag?post=77218"}],"curies":[{"name":"wp","href":"https:\/\/api.w.org\/{rel}","templated":true}]}}