{"id":77220,"date":"2025-07-14T15:03:00","date_gmt":"2025-07-14T12:03:00","guid":{"rendered":"https:\/\/demo8.ecube.lv\/sezona.lv\/products\/klinsu-ieliktni-black-diamond-hex-komplekts-4-10\/"},"modified":"2025-07-14T15:03:00","modified_gmt":"2025-07-14T12:03:00","slug":"klinsu-ieliktni-black-diamond-hex-komplekts-4-10","status":"publish","type":"product","link":"https:\/\/sezona.lv\/en\/products\/klinsu-ieliktni-black-diamond-hex-komplekts-4-10\/","title":{"rendered":"Klin\u0161u ielikt\u0146i Black Diamond Hex komplekts #4-10"},"content":{"rendered":"<p><label>Svars: 0.69 kg<\/label><\/p>\n<p id=\"item-description\">Viegli, asimetriski, multi-funkcion\u0101li, se&scaron;t\u016brveida klin&scaron;u ielikt\u0146i ar cinkotu met\u0101la stiepli. Komplekt\u0101 ietilpst klin&scaron;u ielikt\u0146i no 4 l\u012bdz 10 izm\u0113ram. Ar smalkiem, asimetriskiem &scaron;\u0137\u0113rsgriezumiem, plakan\u0101m s\u0101nu mal\u0101m un nelielu konusa formu, tie pied\u0101v\u0101 tr\u012bs da\u017e\u0101dus platumus.&nbsp;<br \/>Izm\u0113ri:<br \/>&#8211; 20.6\/27.9 mm, 0.81\/1.10 &#8211; izm\u0113rs 4;<br \/>&#8211; 23.9\/33 mm, 0.94\/1.30 &#8211; izm\u0113rs 5;<br \/>&#8211; 27.2\/39.1 mm, 1.07\/1.54 izm\u0113rs 6;<br \/>&#8211; 33\/45.7 mm, 1.30\/1.80 izm\u0113rs 7;<br \/>&#8211; 39.1\/54.1 mm, 1.54\/2.13 izm\u0113rs 8;<br \/>&#8211; 47\/63.7 mm, 1.85\/2.51 izm\u0113rs 9;<br \/>&#8211; 55.6\/75.2 mm, 2.19\/2.96 izm\u0113rs 10.<br \/>Materi\u0101ls: 6061 T-6 alum\u012bnijs; Iztur\u012bba: 10 kN.<\/p>\n","protected":false},"excerpt":{"rendered":"<p>Svars: 0.69 kg Viegli, asimetriski, multi-funkcion\u0101li, se&scaron;t\u016brveida klin&scaron;u ielikt\u0146i ar cinkotu met\u0101la stiepli. Komplekt\u0101 ietilpst klin&scaron;u ielikt\u0146i no 4 l\u012bdz 10 izm\u0113ram. Ar smalkiem, asimetriskiem &scaron;\u0137\u0113rsgriezumiem, plakan\u0101m s\u0101nu mal\u0101m un nelielu konusa formu, tie pied\u0101v\u0101 tr\u012bs da\u017e\u0101dus platumus.&nbsp;Izm\u0113ri:&#8211; 20.6\/27.9 mm, 0.81\/1.10 &#8211; izm\u0113rs 4;&#8211; 23.9\/33 mm, 0.94\/1.30 &#8211; izm\u0113rs 5;&#8211; 27.2\/39.1 mm, 1.07\/1.54 izm\u0113rs 6;&#8211; [&hellip;]<\/p>\n","protected":false},"featured_media":0,"template":"","meta":[],"product_brand":[946],"product_cat":[4851,4859,4872],"product_tag":[],"class_list":{"0":"post-77220","1":"product","2":"type-product","3":"status-publish","5":"product_brand-black-diamond","6":"product_cat-mountaineering-equipment-recreation","7":"product_cat-for-rock-climbing-mountaineering-mountaineering-equipment-recreation","8":"product_cat-friends-and-belays-for-rock-climbing-mountaineering-mountaineering-equipment-recreation","10":"first","11":"instock","12":"shipping-taxable","13":"purchasable","14":"product-type-simple"},"_links":{"self":[{"href":"https:\/\/sezona.lv\/en\/wp-json\/wp\/v2\/product\/77220","targetHints":{"allow":["GET"]}}],"collection":[{"href":"https:\/\/sezona.lv\/en\/wp-json\/wp\/v2\/product"}],"about":[{"href":"https:\/\/sezona.lv\/en\/wp-json\/wp\/v2\/types\/product"}],"wp:attachment":[{"href":"https:\/\/sezona.lv\/en\/wp-json\/wp\/v2\/media?parent=77220"}],"wp:term":[{"taxonomy":"product_brand","embeddable":true,"href":"https:\/\/sezona.lv\/en\/wp-json\/wp\/v2\/product_brand?post=77220"},{"taxonomy":"product_cat","embeddable":true,"href":"https:\/\/sezona.lv\/en\/wp-json\/wp\/v2\/product_cat?post=77220"},{"taxonomy":"product_tag","embeddable":true,"href":"https:\/\/sezona.lv\/en\/wp-json\/wp\/v2\/product_tag?post=77220"}],"curies":[{"name":"wp","href":"https:\/\/api.w.org\/{rel}","templated":true}]}}