{"id":77221,"date":"2025-07-14T15:03:01","date_gmt":"2025-07-14T12:03:01","guid":{"rendered":"https:\/\/demo8.ecube.lv\/sezona.lv\/products\/klinsu-ieliktni-black-diamond-komplekts-nr-1-6\/"},"modified":"2025-07-14T15:03:01","modified_gmt":"2025-07-14T12:03:01","slug":"klinsu-ieliktni-black-diamond-komplekts-nr-1-6","status":"publish","type":"product","link":"https:\/\/sezona.lv\/en\/products\/klinsu-ieliktni-black-diamond-komplekts-nr-1-6\/","title":{"rendered":"Klin\u0161u ielikt\u0146i Black Diamond komplekts Nr. 1-6"},"content":{"rendered":"<p><span>M\u0113rvien\u012bba: komplekts Svars: 0.11 kg<\/span><\/p>\n","protected":false},"excerpt":{"rendered":"<p>M\u0113rvien\u012bba: komplekts Svars: 0.11 kg<\/p>\n","protected":false},"featured_media":0,"template":"","meta":[],"product_brand":[946],"product_cat":[4851,4859,4872],"product_tag":[],"class_list":{"0":"post-77221","1":"product","2":"type-product","3":"status-publish","5":"product_brand-black-diamond","6":"product_cat-mountaineering-equipment-recreation","7":"product_cat-for-rock-climbing-mountaineering-mountaineering-equipment-recreation","8":"product_cat-friends-and-belays-for-rock-climbing-mountaineering-mountaineering-equipment-recreation","10":"first","11":"instock","12":"shipping-taxable","13":"purchasable","14":"product-type-simple"},"_links":{"self":[{"href":"https:\/\/sezona.lv\/en\/wp-json\/wp\/v2\/product\/77221","targetHints":{"allow":["GET"]}}],"collection":[{"href":"https:\/\/sezona.lv\/en\/wp-json\/wp\/v2\/product"}],"about":[{"href":"https:\/\/sezona.lv\/en\/wp-json\/wp\/v2\/types\/product"}],"wp:attachment":[{"href":"https:\/\/sezona.lv\/en\/wp-json\/wp\/v2\/media?parent=77221"}],"wp:term":[{"taxonomy":"product_brand","embeddable":true,"href":"https:\/\/sezona.lv\/en\/wp-json\/wp\/v2\/product_brand?post=77221"},{"taxonomy":"product_cat","embeddable":true,"href":"https:\/\/sezona.lv\/en\/wp-json\/wp\/v2\/product_cat?post=77221"},{"taxonomy":"product_tag","embeddable":true,"href":"https:\/\/sezona.lv\/en\/wp-json\/wp\/v2\/product_tag?post=77221"}],"curies":[{"name":"wp","href":"https:\/\/api.w.org\/{rel}","templated":true}]}}