{"id":77222,"date":"2025-07-14T15:03:01","date_gmt":"2025-07-14T12:03:01","guid":{"rendered":"https:\/\/demo8.ecube.lv\/sezona.lv\/products\/klinsu-ieliktni-black-diamond-komplekts-stoppers\/"},"modified":"2025-07-14T15:03:01","modified_gmt":"2025-07-14T12:03:01","slug":"klinsu-ieliktni-black-diamond-komplekts-stoppers","status":"publish","type":"product","link":"https:\/\/sezona.lv\/en\/products\/klinsu-ieliktni-black-diamond-komplekts-stoppers\/","title":{"rendered":"Klin\u0161u ielikt\u0146i Black Diamond komplekts Stoppers"},"content":{"rendered":"<p><label>M\u0113rvien\u012bba: komplekts Svars: 0.46 kg<\/label><\/p>\n<p id=\"item-description\">Klin&scaron;u ielikt\u0146u komplekts no 1. l\u012bdz 13. izm\u0113ram. Komplekt\u0101 mikro karab\u012bn\u012bte. Pamatkomplekts katram kalnos k\u0101p\u0113jam.<\/p>\n","protected":false},"excerpt":{"rendered":"<p>M\u0113rvien\u012bba: komplekts Svars: 0.46 kg Klin&scaron;u ielikt\u0146u komplekts no 1. l\u012bdz 13. izm\u0113ram. Komplekt\u0101 mikro karab\u012bn\u012bte. Pamatkomplekts katram kalnos k\u0101p\u0113jam.<\/p>\n","protected":false},"featured_media":0,"template":"","meta":[],"product_brand":[946],"product_cat":[4851,4859,4872],"product_tag":[],"class_list":{"0":"post-77222","1":"product","2":"type-product","3":"status-publish","5":"product_brand-black-diamond","6":"product_cat-mountaineering-equipment-recreation","7":"product_cat-for-rock-climbing-mountaineering-mountaineering-equipment-recreation","8":"product_cat-friends-and-belays-for-rock-climbing-mountaineering-mountaineering-equipment-recreation","10":"first","11":"instock","12":"shipping-taxable","13":"purchasable","14":"product-type-simple"},"_links":{"self":[{"href":"https:\/\/sezona.lv\/en\/wp-json\/wp\/v2\/product\/77222","targetHints":{"allow":["GET"]}}],"collection":[{"href":"https:\/\/sezona.lv\/en\/wp-json\/wp\/v2\/product"}],"about":[{"href":"https:\/\/sezona.lv\/en\/wp-json\/wp\/v2\/types\/product"}],"wp:attachment":[{"href":"https:\/\/sezona.lv\/en\/wp-json\/wp\/v2\/media?parent=77222"}],"wp:term":[{"taxonomy":"product_brand","embeddable":true,"href":"https:\/\/sezona.lv\/en\/wp-json\/wp\/v2\/product_brand?post=77222"},{"taxonomy":"product_cat","embeddable":true,"href":"https:\/\/sezona.lv\/en\/wp-json\/wp\/v2\/product_cat?post=77222"},{"taxonomy":"product_tag","embeddable":true,"href":"https:\/\/sezona.lv\/en\/wp-json\/wp\/v2\/product_tag?post=77222"}],"curies":[{"name":"wp","href":"https:\/\/api.w.org\/{rel}","templated":true}]}}