{"id":77226,"date":"2025-07-14T15:03:07","date_gmt":"2025-07-14T12:03:07","guid":{"rendered":"https:\/\/demo8.ecube.lv\/sezona.lv\/products\/pretsniega-aizsargi-petzl-antisnow-vasak-sarken-t05960\/"},"modified":"2025-07-14T15:03:07","modified_gmt":"2025-07-14T12:03:07","slug":"pretsniega-aizsargi-petzl-antisnow-vasak-sarken-t05960","status":"publish","type":"product","link":"https:\/\/sezona.lv\/en\/products\/pretsniega-aizsargi-petzl-antisnow-vasak-sarken-t05960\/","title":{"rendered":"Pretsniega aizsargi Petzl Antisnow Vasak\/Sarken T05960"},"content":{"rendered":"<p><label>M\u0113rvien\u012bba: komplekts<\/label><\/p>\n<p><label>Vid\u0113jais svars: 0.12 kg<\/label><\/p>\n<p>&nbsp;<\/p>\n<p id=\"item-description\">Iztur\u012bgas, dubulta bl\u012bvuma pretsniega pl\u0101ksnes, kas paredz\u0113tas Vasak un Sarken dzelk&scaron;\u0146iem. Pasarg\u0101s no iesp\u0113jami b\u012bstamiem sniega sabiez\u0113jumiem zem k\u0101j\u0101m. Zem\u0101 profila dizains saglab\u0101 zobu (punktu) garumu.<\/p>\n","protected":false},"excerpt":{"rendered":"<p>M\u0113rvien\u012bba: komplekts Vid\u0113jais svars: 0.12 kg &nbsp; Iztur\u012bgas, dubulta bl\u012bvuma pretsniega pl\u0101ksnes, kas paredz\u0113tas Vasak un Sarken dzelk&scaron;\u0146iem. Pasarg\u0101s no iesp\u0113jami b\u012bstamiem sniega sabiez\u0113jumiem zem k\u0101j\u0101m. Zem\u0101 profila dizains saglab\u0101 zobu (punktu) garumu.<\/p>\n","protected":false},"featured_media":0,"template":"","meta":[],"product_brand":[957],"product_cat":[4851,4859,4867],"product_tag":[],"class_list":{"0":"post-77226","1":"product","2":"type-product","3":"status-publish","5":"product_brand-petzl","6":"product_cat-mountaineering-equipment-recreation","7":"product_cat-for-rock-climbing-mountaineering-mountaineering-equipment-recreation","8":"product_cat-spikes-for-rock-climbing-mountaineering-mountaineering-equipment-recreation","10":"first","11":"instock","12":"shipping-taxable","13":"purchasable","14":"product-type-simple"},"_links":{"self":[{"href":"https:\/\/sezona.lv\/en\/wp-json\/wp\/v2\/product\/77226","targetHints":{"allow":["GET"]}}],"collection":[{"href":"https:\/\/sezona.lv\/en\/wp-json\/wp\/v2\/product"}],"about":[{"href":"https:\/\/sezona.lv\/en\/wp-json\/wp\/v2\/types\/product"}],"wp:attachment":[{"href":"https:\/\/sezona.lv\/en\/wp-json\/wp\/v2\/media?parent=77226"}],"wp:term":[{"taxonomy":"product_brand","embeddable":true,"href":"https:\/\/sezona.lv\/en\/wp-json\/wp\/v2\/product_brand?post=77226"},{"taxonomy":"product_cat","embeddable":true,"href":"https:\/\/sezona.lv\/en\/wp-json\/wp\/v2\/product_cat?post=77226"},{"taxonomy":"product_tag","embeddable":true,"href":"https:\/\/sezona.lv\/en\/wp-json\/wp\/v2\/product_tag?post=77226"}],"curies":[{"name":"wp","href":"https:\/\/api.w.org\/{rel}","templated":true}]}}