{"id":77227,"date":"2025-07-14T15:03:08","date_gmt":"2025-07-14T12:03:08","guid":{"rendered":"https:\/\/demo8.ecube.lv\/sezona.lv\/products\/dzelksnu-rezerves-siksninu-komplekts-petzl\/"},"modified":"2025-07-14T15:03:08","modified_gmt":"2025-07-14T12:03:08","slug":"dzelksnu-rezerves-siksninu-komplekts-petzl","status":"publish","type":"product","link":"https:\/\/sezona.lv\/en\/products\/dzelksnu-rezerves-siksninu-komplekts-petzl\/","title":{"rendered":"Dzelk\u0161\u0146u rezerves siksni\u0146u komplekts Petzl"},"content":{"rendered":"<p><label>M\u0113rvien\u012bba: p\u0101ris<\/label><\/p>\n<p><label>Svars: 0.06 kg<\/label><\/p>\n<p id=\"item-description\">Dzelk&scaron;\u0146u rezerves siksni\u0146u komplekts, kas piem\u0113rots Spirlock, Leverlock un Flexlock dzelk&scaron;\u0146u aizdares sist\u0113m\u0101m Sarken, Vasak un Irvis mode\u013ciem.<\/p>\n","protected":false},"excerpt":{"rendered":"<p>M\u0113rvien\u012bba: p\u0101ris Svars: 0.06 kg Dzelk&scaron;\u0146u rezerves siksni\u0146u komplekts, kas piem\u0113rots Spirlock, Leverlock un Flexlock dzelk&scaron;\u0146u aizdares sist\u0113m\u0101m Sarken, Vasak un Irvis mode\u013ciem.<\/p>\n","protected":false},"featured_media":0,"template":"","meta":[],"product_brand":[957],"product_cat":[4851,4859,4867],"product_tag":[],"class_list":{"0":"post-77227","1":"product","2":"type-product","3":"status-publish","5":"product_brand-petzl","6":"product_cat-mountaineering-equipment-recreation","7":"product_cat-for-rock-climbing-mountaineering-mountaineering-equipment-recreation","8":"product_cat-spikes-for-rock-climbing-mountaineering-mountaineering-equipment-recreation","10":"first","11":"instock","12":"shipping-taxable","13":"purchasable","14":"product-type-simple"},"_links":{"self":[{"href":"https:\/\/sezona.lv\/en\/wp-json\/wp\/v2\/product\/77227","targetHints":{"allow":["GET"]}}],"collection":[{"href":"https:\/\/sezona.lv\/en\/wp-json\/wp\/v2\/product"}],"about":[{"href":"https:\/\/sezona.lv\/en\/wp-json\/wp\/v2\/types\/product"}],"wp:attachment":[{"href":"https:\/\/sezona.lv\/en\/wp-json\/wp\/v2\/media?parent=77227"}],"wp:term":[{"taxonomy":"product_brand","embeddable":true,"href":"https:\/\/sezona.lv\/en\/wp-json\/wp\/v2\/product_brand?post=77227"},{"taxonomy":"product_cat","embeddable":true,"href":"https:\/\/sezona.lv\/en\/wp-json\/wp\/v2\/product_cat?post=77227"},{"taxonomy":"product_tag","embeddable":true,"href":"https:\/\/sezona.lv\/en\/wp-json\/wp\/v2\/product_tag?post=77227"}],"curies":[{"name":"wp","href":"https:\/\/api.w.org\/{rel}","templated":true}]}}