{"id":77229,"date":"2025-07-14T15:03:10","date_gmt":"2025-07-14T12:03:10","guid":{"rendered":"https:\/\/demo8.ecube.lv\/sezona.lv\/products\/pretsniega-aizsargs-petzl-s12-dzelksniem\/"},"modified":"2025-07-14T15:03:10","modified_gmt":"2025-07-14T12:03:10","slug":"pretsniega-aizsargs-petzl-s12-dzelksniem","status":"publish","type":"product","link":"https:\/\/sezona.lv\/en\/products\/pretsniega-aizsargs-petzl-s12-dzelksniem\/","title":{"rendered":"Pretsniega aizsargs Petzl S12 dzelk\u0161\u0146iem"},"content":{"rendered":"<p><span>M\u0113rvien\u012bba: gabali<\/span><\/p>\n<p><span>Svars: 0.13 kg<\/span><\/p>\n","protected":false},"excerpt":{"rendered":"<p>M\u0113rvien\u012bba: gabali Svars: 0.13 kg<\/p>\n","protected":false},"featured_media":0,"template":"","meta":[],"product_brand":[957],"product_cat":[4851,4859,4867],"product_tag":[],"class_list":{"0":"post-77229","1":"product","2":"type-product","3":"status-publish","5":"product_brand-petzl","6":"product_cat-mountaineering-equipment-recreation","7":"product_cat-for-rock-climbing-mountaineering-mountaineering-equipment-recreation","8":"product_cat-spikes-for-rock-climbing-mountaineering-mountaineering-equipment-recreation","10":"first","11":"instock","12":"shipping-taxable","13":"purchasable","14":"product-type-simple"},"_links":{"self":[{"href":"https:\/\/sezona.lv\/en\/wp-json\/wp\/v2\/product\/77229","targetHints":{"allow":["GET"]}}],"collection":[{"href":"https:\/\/sezona.lv\/en\/wp-json\/wp\/v2\/product"}],"about":[{"href":"https:\/\/sezona.lv\/en\/wp-json\/wp\/v2\/types\/product"}],"wp:attachment":[{"href":"https:\/\/sezona.lv\/en\/wp-json\/wp\/v2\/media?parent=77229"}],"wp:term":[{"taxonomy":"product_brand","embeddable":true,"href":"https:\/\/sezona.lv\/en\/wp-json\/wp\/v2\/product_brand?post=77229"},{"taxonomy":"product_cat","embeddable":true,"href":"https:\/\/sezona.lv\/en\/wp-json\/wp\/v2\/product_cat?post=77229"},{"taxonomy":"product_tag","embeddable":true,"href":"https:\/\/sezona.lv\/en\/wp-json\/wp\/v2\/product_tag?post=77229"}],"curies":[{"name":"wp","href":"https:\/\/api.w.org\/{rel}","templated":true}]}}