{"id":77232,"date":"2025-07-14T15:03:13","date_gmt":"2025-07-14T12:03:13","guid":{"rendered":"https:\/\/demo8.ecube.lv\/sezona.lv\/products\/prieksejie-zobi-petzl-dzelksniem-lynx\/"},"modified":"2025-07-14T15:03:13","modified_gmt":"2025-07-14T12:03:13","slug":"prieksejie-zobi-petzl-dzelksniem-lynx","status":"publish","type":"product","link":"https:\/\/sezona.lv\/en\/products\/prieksejie-zobi-petzl-dzelksniem-lynx\/","title":{"rendered":"Priek\u0161\u0113jie zobi Petzl dzelk\u0161\u0146iem Lynx"},"content":{"rendered":"<p><label>M\u0113rvien\u012bba: gabali<\/label><\/p>\n<p id=\"item-description\">Priek&scaron;\u0113jie zobi Lynx dzelk&scaron;\u0146iem. Komplekt\u0101 divi p\u0101ri.<\/p>\n","protected":false},"excerpt":{"rendered":"<p>M\u0113rvien\u012bba: gabali Priek&scaron;\u0113jie zobi Lynx dzelk&scaron;\u0146iem. Komplekt\u0101 divi p\u0101ri.<\/p>\n","protected":false},"featured_media":0,"template":"","meta":[],"product_brand":[957],"product_cat":[4851,4859,4867],"product_tag":[],"class_list":{"0":"post-77232","1":"product","2":"type-product","3":"status-publish","5":"product_brand-petzl","6":"product_cat-mountaineering-equipment-recreation","7":"product_cat-for-rock-climbing-mountaineering-mountaineering-equipment-recreation","8":"product_cat-spikes-for-rock-climbing-mountaineering-mountaineering-equipment-recreation","10":"first","11":"instock","12":"shipping-taxable","13":"purchasable","14":"product-type-simple"},"_links":{"self":[{"href":"https:\/\/sezona.lv\/en\/wp-json\/wp\/v2\/product\/77232","targetHints":{"allow":["GET"]}}],"collection":[{"href":"https:\/\/sezona.lv\/en\/wp-json\/wp\/v2\/product"}],"about":[{"href":"https:\/\/sezona.lv\/en\/wp-json\/wp\/v2\/types\/product"}],"wp:attachment":[{"href":"https:\/\/sezona.lv\/en\/wp-json\/wp\/v2\/media?parent=77232"}],"wp:term":[{"taxonomy":"product_brand","embeddable":true,"href":"https:\/\/sezona.lv\/en\/wp-json\/wp\/v2\/product_brand?post=77232"},{"taxonomy":"product_cat","embeddable":true,"href":"https:\/\/sezona.lv\/en\/wp-json\/wp\/v2\/product_cat?post=77232"},{"taxonomy":"product_tag","embeddable":true,"href":"https:\/\/sezona.lv\/en\/wp-json\/wp\/v2\/product_tag?post=77232"}],"curies":[{"name":"wp","href":"https:\/\/api.w.org\/{rel}","templated":true}]}}