{"id":77233,"date":"2025-07-14T15:03:13","date_gmt":"2025-07-14T12:03:13","guid":{"rendered":"https:\/\/demo8.ecube.lv\/sezona.lv\/products\/dzelksni-petzl-eperons\/"},"modified":"2025-07-14T15:03:13","modified_gmt":"2025-07-14T12:03:13","slug":"dzelksni-petzl-eperons","status":"publish","type":"product","link":"https:\/\/sezona.lv\/en\/products\/dzelksni-petzl-eperons\/","title":{"rendered":"Dzelk\u0161\u0146i Petzl Eperons"},"content":{"rendered":"<p><label>M\u0113rvien\u012bba: p\u0101ris<\/label><\/p>\n<p><label>Svars: 0.37 kg<\/label><\/p>\n<p id=\"item-description\">Eperons ir atbilde tehniskajiem klin&scaron;u un ledus mar&scaron;rutiem. Pievienojot &scaron;o aizmugur\u0113jo \u0101\u0137\u012bti dzelk&scaron;\u0146iem, st\u0101vi un sare\u017e\u0123\u012bti miks\u0113tie klin&scaron;u\/ledus mar&scaron;ruti k\u013c\u016bs viegl\u0101ki. Paredz\u0113ti drytooling entuziastiem.<\/p>\n","protected":false},"excerpt":{"rendered":"<p>M\u0113rvien\u012bba: p\u0101ris Svars: 0.37 kg Eperons ir atbilde tehniskajiem klin&scaron;u un ledus mar&scaron;rutiem. Pievienojot &scaron;o aizmugur\u0113jo \u0101\u0137\u012bti dzelk&scaron;\u0146iem, st\u0101vi un sare\u017e\u0123\u012bti miks\u0113tie klin&scaron;u\/ledus mar&scaron;ruti k\u013c\u016bs viegl\u0101ki. Paredz\u0113ti drytooling entuziastiem.<\/p>\n","protected":false},"featured_media":0,"template":"","meta":[],"product_brand":[957],"product_cat":[4851,4859,4867],"product_tag":[],"class_list":{"0":"post-77233","1":"product","2":"type-product","3":"status-publish","5":"product_brand-petzl","6":"product_cat-mountaineering-equipment-recreation","7":"product_cat-for-rock-climbing-mountaineering-mountaineering-equipment-recreation","8":"product_cat-spikes-for-rock-climbing-mountaineering-mountaineering-equipment-recreation","10":"first","11":"instock","12":"shipping-taxable","13":"purchasable","14":"product-type-simple"},"_links":{"self":[{"href":"https:\/\/sezona.lv\/en\/wp-json\/wp\/v2\/product\/77233","targetHints":{"allow":["GET"]}}],"collection":[{"href":"https:\/\/sezona.lv\/en\/wp-json\/wp\/v2\/product"}],"about":[{"href":"https:\/\/sezona.lv\/en\/wp-json\/wp\/v2\/types\/product"}],"wp:attachment":[{"href":"https:\/\/sezona.lv\/en\/wp-json\/wp\/v2\/media?parent=77233"}],"wp:term":[{"taxonomy":"product_brand","embeddable":true,"href":"https:\/\/sezona.lv\/en\/wp-json\/wp\/v2\/product_brand?post=77233"},{"taxonomy":"product_cat","embeddable":true,"href":"https:\/\/sezona.lv\/en\/wp-json\/wp\/v2\/product_cat?post=77233"},{"taxonomy":"product_tag","embeddable":true,"href":"https:\/\/sezona.lv\/en\/wp-json\/wp\/v2\/product_tag?post=77233"}],"curies":[{"name":"wp","href":"https:\/\/api.w.org\/{rel}","templated":true}]}}