{"id":77237,"date":"2025-07-14T15:03:18","date_gmt":"2025-07-14T12:03:18","guid":{"rendered":"https:\/\/demo8.ecube.lv\/sezona.lv\/products\/leduscirtna-aizsargs-petzl-flat-spike-guard\/"},"modified":"2025-07-14T15:03:18","modified_gmt":"2025-07-14T12:03:18","slug":"leduscirtna-aizsargs-petzl-flat-spike-guard","status":"publish","type":"product","link":"https:\/\/sezona.lv\/en\/products\/leduscirtna-aizsargs-petzl-flat-spike-guard\/","title":{"rendered":"Leduscirt\u0146a aizsargs Petzl Flat Spike Guard"},"content":{"rendered":"<p><label>M\u0113rvien\u012bba: gabali<\/label><\/p>\n<p><label>Svars: 0.02 kg<\/label><\/p>\n<p id=\"item-description\">Leduscirt\u0146a aizsargs, &#8211; uzgalis, kas ne\u013caus nejau&scaron;i savainoties vai sapl\u0113st ap\u0123\u0113rbu.<\/p>\n","protected":false},"excerpt":{"rendered":"<p>M\u0113rvien\u012bba: gabali Svars: 0.02 kg Leduscirt\u0146a aizsargs, &#8211; uzgalis, kas ne\u013caus nejau&scaron;i savainoties vai sapl\u0113st ap\u0123\u0113rbu.<\/p>\n","protected":false},"featured_media":0,"template":"","meta":[],"product_brand":[957],"product_cat":[4851,4859,4868],"product_tag":[],"class_list":{"0":"post-77237","1":"product","2":"type-product","3":"status-publish","5":"product_brand-petzl","6":"product_cat-mountaineering-equipment-recreation","7":"product_cat-for-rock-climbing-mountaineering-mountaineering-equipment-recreation","8":"product_cat-ice-axes-for-rock-climbing-mountaineering-mountaineering-equipment-recreation","10":"first","11":"instock","12":"shipping-taxable","13":"purchasable","14":"product-type-simple"},"_links":{"self":[{"href":"https:\/\/sezona.lv\/en\/wp-json\/wp\/v2\/product\/77237","targetHints":{"allow":["GET"]}}],"collection":[{"href":"https:\/\/sezona.lv\/en\/wp-json\/wp\/v2\/product"}],"about":[{"href":"https:\/\/sezona.lv\/en\/wp-json\/wp\/v2\/types\/product"}],"wp:attachment":[{"href":"https:\/\/sezona.lv\/en\/wp-json\/wp\/v2\/media?parent=77237"}],"wp:term":[{"taxonomy":"product_brand","embeddable":true,"href":"https:\/\/sezona.lv\/en\/wp-json\/wp\/v2\/product_brand?post=77237"},{"taxonomy":"product_cat","embeddable":true,"href":"https:\/\/sezona.lv\/en\/wp-json\/wp\/v2\/product_cat?post=77237"},{"taxonomy":"product_tag","embeddable":true,"href":"https:\/\/sezona.lv\/en\/wp-json\/wp\/v2\/product_tag?post=77237"}],"curies":[{"name":"wp","href":"https:\/\/api.w.org\/{rel}","templated":true}]}}