{"id":77238,"date":"2025-07-14T15:03:19","date_gmt":"2025-07-14T12:03:19","guid":{"rendered":"https:\/\/demo8.ecube.lv\/sezona.lv\/products\/lenta-leduscirtnim-petzl-grip-roll\/"},"modified":"2025-07-14T15:03:19","modified_gmt":"2025-07-14T12:03:19","slug":"lenta-leduscirtnim-petzl-grip-roll","status":"publish","type":"product","link":"https:\/\/sezona.lv\/en\/products\/lenta-leduscirtnim-petzl-grip-roll\/","title":{"rendered":"Lenta leduscirtnim Petzl Grip Roll"},"content":{"rendered":"<p><label>M\u0113rvien\u012bba: gabali<\/label><\/p>\n<p><label>Svars: 0.05 kg<\/label><\/p>\n<p id=\"item-description\">Iztur\u012bga pa&scaron;l\u012bm\u0113jo&scaron;a lenta, kas piem\u0113rota leduscirt\u0146iem vai citiem instrumentiem, kam nav gumijota roktura, lai uzlabotu instrumenta \u0113rtu satveram\u012bbu, samazin\u0101tu sl\u012bd\u0113&scaron;anu un uzlabotu termoizol\u0113jo&scaron;\u0101s \u012bpa&scaron;\u012bbas. Platums: 19 mm; Garums: 1 m.<\/p>\n","protected":false},"excerpt":{"rendered":"<p>M\u0113rvien\u012bba: gabali Svars: 0.05 kg Iztur\u012bga pa&scaron;l\u012bm\u0113jo&scaron;a lenta, kas piem\u0113rota leduscirt\u0146iem vai citiem instrumentiem, kam nav gumijota roktura, lai uzlabotu instrumenta \u0113rtu satveram\u012bbu, samazin\u0101tu sl\u012bd\u0113&scaron;anu un uzlabotu termoizol\u0113jo&scaron;\u0101s \u012bpa&scaron;\u012bbas. Platums: 19 mm; Garums: 1 m.<\/p>\n","protected":false},"featured_media":0,"template":"","meta":[],"product_brand":[957],"product_cat":[4851,4859,4868],"product_tag":[],"class_list":{"0":"post-77238","1":"product","2":"type-product","3":"status-publish","5":"product_brand-petzl","6":"product_cat-mountaineering-equipment-recreation","7":"product_cat-for-rock-climbing-mountaineering-mountaineering-equipment-recreation","8":"product_cat-ice-axes-for-rock-climbing-mountaineering-mountaineering-equipment-recreation","10":"first","11":"instock","12":"shipping-taxable","13":"purchasable","14":"product-type-simple"},"_links":{"self":[{"href":"https:\/\/sezona.lv\/en\/wp-json\/wp\/v2\/product\/77238","targetHints":{"allow":["GET"]}}],"collection":[{"href":"https:\/\/sezona.lv\/en\/wp-json\/wp\/v2\/product"}],"about":[{"href":"https:\/\/sezona.lv\/en\/wp-json\/wp\/v2\/types\/product"}],"wp:attachment":[{"href":"https:\/\/sezona.lv\/en\/wp-json\/wp\/v2\/media?parent=77238"}],"wp:term":[{"taxonomy":"product_brand","embeddable":true,"href":"https:\/\/sezona.lv\/en\/wp-json\/wp\/v2\/product_brand?post=77238"},{"taxonomy":"product_cat","embeddable":true,"href":"https:\/\/sezona.lv\/en\/wp-json\/wp\/v2\/product_cat?post=77238"},{"taxonomy":"product_tag","embeddable":true,"href":"https:\/\/sezona.lv\/en\/wp-json\/wp\/v2\/product_tag?post=77238"}],"curies":[{"name":"wp","href":"https:\/\/api.w.org\/{rel}","templated":true}]}}