{"id":77240,"date":"2025-07-14T15:03:21","date_gmt":"2025-07-14T12:03:21","guid":{"rendered":"https:\/\/demo8.ecube.lv\/sezona.lv\/products\/cilpa-leduscirtnim-petzl-link\/"},"modified":"2025-07-14T15:03:21","modified_gmt":"2025-07-14T12:03:21","slug":"cilpa-leduscirtnim-petzl-link","status":"publish","type":"product","link":"https:\/\/sezona.lv\/en\/products\/cilpa-leduscirtnim-petzl-link\/","title":{"rendered":"Cilpa leduscirtnim Petzl Link"},"content":{"rendered":"<p><label>M\u0113rvien\u012bba: gabali<\/label><\/p>\n<p><label>Svars: 0.03 kg<\/label><\/p>\n<p id=\"item-description\">Komfortabla un viegla no\u0146emama siksna\/cilpa alp\u012bnisma leduscirt\u0146iem, kas \u013caus izvair\u012bties no leduscirt\u0146a pazaud\u0113&scaron;anas. Savietojama ar visa veida leduscirt\u0146iem, kas apr\u012bkoti ar caurumu karab\u012bnes vai cilpas ievieto&scaron;anai. Piel\u0101gojama garum\u0101 no 50 l\u012bdz 75 cm. \u013boti viegli no\u0146emama, vienk\u0101r&scaron;i atsienot mezglu.<br \/>Materi\u0101ls: Neilons; Sertifik\u0101cija: UIAA<\/p>\n","protected":false},"excerpt":{"rendered":"<p>M\u0113rvien\u012bba: gabali Svars: 0.03 kg Komfortabla un viegla no\u0146emama siksna\/cilpa alp\u012bnisma leduscirt\u0146iem, kas \u013caus izvair\u012bties no leduscirt\u0146a pazaud\u0113&scaron;anas. Savietojama ar visa veida leduscirt\u0146iem, kas apr\u012bkoti ar caurumu karab\u012bnes vai cilpas ievieto&scaron;anai. Piel\u0101gojama garum\u0101 no 50 l\u012bdz 75 cm. \u013boti viegli no\u0146emama, vienk\u0101r&scaron;i atsienot mezglu.Materi\u0101ls: Neilons; Sertifik\u0101cija: UIAA<\/p>\n","protected":false},"featured_media":0,"template":"","meta":[],"product_brand":[957],"product_cat":[4851,4859,4868],"product_tag":[],"class_list":{"0":"post-77240","1":"product","2":"type-product","3":"status-publish","5":"product_brand-petzl","6":"product_cat-mountaineering-equipment-recreation","7":"product_cat-for-rock-climbing-mountaineering-mountaineering-equipment-recreation","8":"product_cat-ice-axes-for-rock-climbing-mountaineering-mountaineering-equipment-recreation","10":"first","11":"instock","12":"shipping-taxable","13":"purchasable","14":"product-type-simple"},"_links":{"self":[{"href":"https:\/\/sezona.lv\/en\/wp-json\/wp\/v2\/product\/77240","targetHints":{"allow":["GET"]}}],"collection":[{"href":"https:\/\/sezona.lv\/en\/wp-json\/wp\/v2\/product"}],"about":[{"href":"https:\/\/sezona.lv\/en\/wp-json\/wp\/v2\/types\/product"}],"wp:attachment":[{"href":"https:\/\/sezona.lv\/en\/wp-json\/wp\/v2\/media?parent=77240"}],"wp:term":[{"taxonomy":"product_brand","embeddable":true,"href":"https:\/\/sezona.lv\/en\/wp-json\/wp\/v2\/product_brand?post=77240"},{"taxonomy":"product_cat","embeddable":true,"href":"https:\/\/sezona.lv\/en\/wp-json\/wp\/v2\/product_cat?post=77240"},{"taxonomy":"product_tag","embeddable":true,"href":"https:\/\/sezona.lv\/en\/wp-json\/wp\/v2\/product_tag?post=77240"}],"curies":[{"name":"wp","href":"https:\/\/api.w.org\/{rel}","templated":true}]}}