{"id":77241,"date":"2025-07-14T15:03:22","date_gmt":"2025-07-14T12:03:22","guid":{"rendered":"https:\/\/demo8.ecube.lv\/sezona.lv\/products\/lente-leduscirtnim-edelrid-grip-sticker\/"},"modified":"2025-07-14T15:03:22","modified_gmt":"2025-07-14T12:03:22","slug":"lente-leduscirtnim-edelrid-grip-sticker","status":"publish","type":"product","link":"https:\/\/sezona.lv\/en\/products\/lente-leduscirtnim-edelrid-grip-sticker\/","title":{"rendered":"Lente leduscirtnim Edelrid Grip Sticker"},"content":{"rendered":"<p><label>M\u0113rvien\u012bba: gabali<\/label><\/p>\n<p><label>Vid\u0113jais svars: 0.05 kg<\/label><\/p>\n<p id=\"item-description\">Iztur\u012bga pa&scaron;l\u012bm\u0113jo&scaron;a leduscirt\u0146u lente, kas paredz\u0113ta stiprin\u0101&scaron;anai uz leduscirt\u0146u roktura, lai uzlabotu t\u0101 \u0113rtu satveram\u012bbu un samazin\u0101tu sl\u012bd\u0113&scaron;anu.<\/p>\n","protected":false},"excerpt":{"rendered":"<p>M\u0113rvien\u012bba: gabali Vid\u0113jais svars: 0.05 kg Iztur\u012bga pa&scaron;l\u012bm\u0113jo&scaron;a leduscirt\u0146u lente, kas paredz\u0113ta stiprin\u0101&scaron;anai uz leduscirt\u0146u roktura, lai uzlabotu t\u0101 \u0113rtu satveram\u012bbu un samazin\u0101tu sl\u012bd\u0113&scaron;anu.<\/p>\n","protected":false},"featured_media":0,"template":"","meta":[],"product_brand":[3348],"product_cat":[4851,4859,4868],"product_tag":[],"class_list":{"0":"post-77241","1":"product","2":"type-product","3":"status-publish","5":"product_brand-edelrid","6":"product_cat-mountaineering-equipment-recreation","7":"product_cat-for-rock-climbing-mountaineering-mountaineering-equipment-recreation","8":"product_cat-ice-axes-for-rock-climbing-mountaineering-mountaineering-equipment-recreation","10":"first","11":"instock","12":"shipping-taxable","13":"purchasable","14":"product-type-simple"},"_links":{"self":[{"href":"https:\/\/sezona.lv\/en\/wp-json\/wp\/v2\/product\/77241","targetHints":{"allow":["GET"]}}],"collection":[{"href":"https:\/\/sezona.lv\/en\/wp-json\/wp\/v2\/product"}],"about":[{"href":"https:\/\/sezona.lv\/en\/wp-json\/wp\/v2\/types\/product"}],"wp:attachment":[{"href":"https:\/\/sezona.lv\/en\/wp-json\/wp\/v2\/media?parent=77241"}],"wp:term":[{"taxonomy":"product_brand","embeddable":true,"href":"https:\/\/sezona.lv\/en\/wp-json\/wp\/v2\/product_brand?post=77241"},{"taxonomy":"product_cat","embeddable":true,"href":"https:\/\/sezona.lv\/en\/wp-json\/wp\/v2\/product_cat?post=77241"},{"taxonomy":"product_tag","embeddable":true,"href":"https:\/\/sezona.lv\/en\/wp-json\/wp\/v2\/product_tag?post=77241"}],"curies":[{"name":"wp","href":"https:\/\/api.w.org\/{rel}","templated":true}]}}