{"id":77244,"date":"2025-07-14T15:03:24","date_gmt":"2025-07-14T12:03:24","guid":{"rendered":"https:\/\/demo8.ecube.lv\/sezona.lv\/products\/cilpa-leduscirtnim-petzl-freelock\/"},"modified":"2025-07-14T15:03:24","modified_gmt":"2025-07-14T12:03:24","slug":"cilpa-leduscirtnim-petzl-freelock","status":"publish","type":"product","link":"https:\/\/sezona.lv\/en\/products\/cilpa-leduscirtnim-petzl-freelock\/","title":{"rendered":"Cilpa leduscirtnim Petzl Freelock"},"content":{"rendered":"<p><label>M\u0113rvien\u012bba: gabali<\/label><\/p>\n<p><label>Vid\u0113jais svars: 0.04 kg<\/label><\/p>\n<p id=\"item-description\">Viegla un komfortabla fiks\u0113ta cilpa leduscirtnim. T\u0101 veidota p\u0101rdom\u0101t\u0101 dizain\u0101, kas piem\u0113rots tehniskajam alp\u012bnismam. Cilpu iesp\u0113jams savilkt un atbr\u012bvot ar vienk\u0101r&scaron;u rokas loc\u012btavas pagriezienu. Regul\u0101cijas diapazons &#8211; l\u012bdz 50 cm. Materi\u0101ls: neilons\/poliestera siksna.<\/p>\n","protected":false},"excerpt":{"rendered":"<p>M\u0113rvien\u012bba: gabali Vid\u0113jais svars: 0.04 kg Viegla un komfortabla fiks\u0113ta cilpa leduscirtnim. T\u0101 veidota p\u0101rdom\u0101t\u0101 dizain\u0101, kas piem\u0113rots tehniskajam alp\u012bnismam. Cilpu iesp\u0113jams savilkt un atbr\u012bvot ar vienk\u0101r&scaron;u rokas loc\u012btavas pagriezienu. Regul\u0101cijas diapazons &#8211; l\u012bdz 50 cm. Materi\u0101ls: neilons\/poliestera siksna.<\/p>\n","protected":false},"featured_media":0,"template":"","meta":[],"product_brand":[957],"product_cat":[4851,4859,4868],"product_tag":[],"class_list":{"0":"post-77244","1":"product","2":"type-product","3":"status-publish","5":"product_brand-petzl","6":"product_cat-mountaineering-equipment-recreation","7":"product_cat-for-rock-climbing-mountaineering-mountaineering-equipment-recreation","8":"product_cat-ice-axes-for-rock-climbing-mountaineering-mountaineering-equipment-recreation","10":"first","11":"instock","12":"shipping-taxable","13":"purchasable","14":"product-type-simple"},"_links":{"self":[{"href":"https:\/\/sezona.lv\/en\/wp-json\/wp\/v2\/product\/77244","targetHints":{"allow":["GET"]}}],"collection":[{"href":"https:\/\/sezona.lv\/en\/wp-json\/wp\/v2\/product"}],"about":[{"href":"https:\/\/sezona.lv\/en\/wp-json\/wp\/v2\/types\/product"}],"wp:attachment":[{"href":"https:\/\/sezona.lv\/en\/wp-json\/wp\/v2\/media?parent=77244"}],"wp:term":[{"taxonomy":"product_brand","embeddable":true,"href":"https:\/\/sezona.lv\/en\/wp-json\/wp\/v2\/product_brand?post=77244"},{"taxonomy":"product_cat","embeddable":true,"href":"https:\/\/sezona.lv\/en\/wp-json\/wp\/v2\/product_cat?post=77244"},{"taxonomy":"product_tag","embeddable":true,"href":"https:\/\/sezona.lv\/en\/wp-json\/wp\/v2\/product_tag?post=77244"}],"curies":[{"name":"wp","href":"https:\/\/api.w.org\/{rel}","templated":true}]}}